
{"id":4383,"date":"2024-10-24T20:06:52","date_gmt":"2024-10-24T18:06:52","guid":{"rendered":"https:\/\/staging.fiveguys.es\/politica-de-privadesa\/"},"modified":"2026-03-18T19:03:11","modified_gmt":"2026-03-18T18:03:11","slug":"politica-de-privadesa","status":"publish","type":"page","link":"https:\/\/www.fiveguys.es\/ca\/politica-de-privadesa\/","title":{"rendered":"Pol\u00edtica de Privadesa"},"content":{"rendered":"\n<div class=\"hero-page-banner-block minimal wp-block-five-guys-blocks-hero-page-banner\" data-comname=\"hero-page-banner\">\n    <header \n        class=\"hero-page-banner section--has-paper-border\"\n        style=\"background-image: url(https:\/\/www.fiveguys.es\/wp-content\/themes\/five-guys\/assets\/img\/backgrounds\/hero-bkg-pattern.jpg); background-size: cover; background-position: center;\"\n        data-featured-image=\"\"\n        data-random-border-width=\"98rem\"\n    >\n        <div class=\"wrap wrap--wide\">\n                            <h1>Privacy Policy<\/h1>\n                        \n                    <\/div>\n    <\/header>\n<\/div>\n\n<section class=\"section section--content section--medium is-header-disabled is-footer-disabled color-option-1\" data-random-border-width=\"98rem\" data-comname=\"section-content\"><div class=\"wrap wrap--normal\">\n<header class=\"section-header section-header--limited\">\n<h2 class=\"wp-block-heading\"><\/h2>\n<\/header>\n\n\n\n<div class=\"content-stack\">\n<p><strong>POL\u00cdTICA DE PRIVADESA DE FIVE GUYS SPAIN, SLU<\/strong><br\/><strong>\u00a0<\/strong><br\/>FIVE GUYS\u00ae respecta els drets fonamentals, les llibertats p\u00fabliques i els interessos de totes les persones amb les quals interactua. Per tant, FIVE GUYS\u00ae compleix amb tots els requisits legals en mat\u00e8ria de protecci\u00f3 de dades, salvaguardant les dades personals que recull i tracta.<br\/>\u00a0<br\/><strong><u>1.- Informaci\u00f3 sobre el Responsable de tractament<\/u><\/strong><br\/>FIVE GUYS SPAIN, SLU, societat espanyola amb domicili social a Avenida de Europa 34C, 2D, 28023 Aravaca \u2013 Madrid, inscrita al Registre Mercantil de Madrid, Tom 34 222, foli 82, full n\u00famero M-615839, i titular del NIF n\u00famero B87434049 (\u201cFIVE GUYS\u201d).<br\/>\u00a0<br\/>Delegat de Protecci\u00f3 de dades:\u00a0<a href=\"mailto:dpo@fiveguys.es\">dpo@fiveguys.es<\/a><br\/>\u00a0<br\/><strong><u>2.- Recollida de dades.<\/u><\/strong>\u00a0FIVE GUYS\u00ae informa sobre les finalitats per a les quals pot recollir dades personals en diversos moments. En aquest sentit, FIVE GUYS\u00ae no recull m\u00e9s dades de les estrictament necess\u00e0ries. No obstant aix\u00f2, informem que, com a norma general, les dades personals que facilitis es tractaran amb la finalitat de donar resposta a la teva sol\u00b7licitud d\u2019informaci\u00f3, aix\u00ed com informar-te d\u2019altres productes o serveis de FIVE GUYS\u00ae quan n\u2019atorguis el consentiment. FIVE GUYS\u00ae no cedir\u00e0 les teves dades a tercers, tret que es tracti d\u2019entitats on aix\u00f2 sigui necessari per a la gesti\u00f3 i execuci\u00f3 de les relacions comercials que sorgeixin. D\u2019acord amb el que estableix el r\u00e8gim legal de protecci\u00f3 de dades, FIVE GUYS\u00ae garanteix el dret dels interessats a revocar el consentiment prestat per al seu \u00fas, i a exercir els corresponents drets d\u2019acc\u00e9s, rectificaci\u00f3, limitaci\u00f3 de tractament, supressi\u00f3, portabilitat i oposici\u00f3. Per a qualsevol d\u2019aquestes accions, l\u2019interessat haur\u00e0 d\u2019enviar una sol\u00b7licitud per escrit a\u00a0<a href=\"mailto:dpo@fiveguys.es\">dpo@fiveguys.es<\/a>.\u00a0FIVE GUYS\u00ae indicar\u00e0 els procediments de tractament addicionals o diferents als quals se sotmetran les dades recollides en cada cas i la finalitat per a la qual es tractaran en cadascun dels formularis de recollida de dades. Et recordem que no pots introduir dades de tercers. Si necessites fer-ho, posa\u2019t en contacte amb nosaltres a trav\u00e9s del correu electr\u00f2nic\u00a0<a href=\"mailto:dpo@fiveguys.es\">dpo@fiveguys.es<\/a>\u00a0i t\u2019atendrem. Et recomanem que llegeixis les cl\u00e0usules informatives situades a la part inferior de cadascun d\u2019aquests formularis abans d\u2019acceptar-les. Et recordem que la presentaci\u00f3 de qualsevol dels formularis implica l\u2019acceptaci\u00f3 sense reserves de les condicions que s\u2019hi notifiquen.<br\/>\u00a0<br\/><strong><u>3.- Transfer\u00e8ncies de dades<\/u><\/strong>\u00a0FIVE GUYS\u00ae no cedeix dades personals a tercers sense informar pr\u00e8viament els interessats de quines dades es cedirien, la identitat dels cessionaris, la seva activitat i les finalitats per a les quals aquests cessionaris podran utilitzar les dades, llevat que, si escau, tamb\u00e9 s\u2019hagi obtingut el consentiment dels interessats.<br\/>\u00a0<br\/><strong><u>4.- Tractament transfronterer de dades<\/u><\/strong>\u00a0FIVE GUYS\u00ae no realitza tractaments transfronterers de les dades dels seus clients sense haver fet \u00fas d\u2019alguna de les circumst\u00e0ncies que ho permeten.<br\/>\u00a0<br\/><strong><u>5.- Seguretat.<\/u><\/strong>\u00a0FIVE GUYS\u00ae ha adoptat les mesures t\u00e8cniques i organitzatives necess\u00e0ries per garantir la integritat, disponibilitat i confidencialitat de les dades personals que tracta. D\u2019aquesta manera, FIVE GUYS\u00ae aplica les mesures de seguretat exigides pel principi de seguretat i nom\u00e9s contracta, malgrat un cost m\u00e9s alt, prove\u00efdors de serveis d\u2019Internet (ISP) que compleixen amb els est\u00e0ndards internacionals de gesti\u00f3 de la seguretat de la informaci\u00f3 m\u00e9s estrictes.<br\/>\u00a0<br\/><em><strong><u>6.- Pol\u00edtica de<\/u><\/strong><\/em><strong><u>galetes.\u00a0<\/u><\/strong>\u00a0FIVE GUYS\u00ae utilitza galetes al seu lloc web per a diversos prop\u00f2sits. Per a m\u00e9s informaci\u00f3 sobre qu\u00e8 s\u00f3n les galetes, quines dades recollim i per a qu\u00e8 les utilitzem, llegeix la nostra pol\u00edtica de galetes.<br\/>\u00a0<br\/><strong><u>7.- Comunicacions comercials.<\/u><\/strong>\u00a0FIVE GUYS\u00ae envia comunicacions comercials per mitjans electr\u00f2nics a les adreces de correu electr\u00f2nic i n\u00fameros de tel\u00e8fon m\u00f2bil facilitats durant la contractaci\u00f3 de serveis si hagin estat pr\u00e8viament sol\u00b7licitades o consentides pels seus titulars. FIVE GUYS\u00ae sol\u00b7licitar\u00e0 el corresponent consentiment per fer-ho en tots els formularis de recollida de dades i donar\u00e0 l\u2019opci\u00f3 de retirar aquest consentiment en totes i cadascuna de les comunicacions que se\u2019t envi\u00efn. En qualsevol cas, FIVE GUYS\u00ae dona l\u2019opci\u00f3 de triar si has de rebre o no aquest tipus de comunicacions; permet revocar el consentiment en totes les comunicacions comercials electr\u00f2niques que envia i permet revocar tamb\u00e9 el consentiment en qualsevol moment.<br\/>\u00a0<br\/><strong><u>8.- Drets de les persones interessades<\/u><\/strong>\u00a0FIVE GUYS\u00ae permet als interessats exercir els seus drets d\u2019acc\u00e9s, rectificaci\u00f3, limitaci\u00f3, portabilitat, oposici\u00f3 i supressi\u00f3 en els termes establerts en el Reglament General de Protecci\u00f3 de Dades i la seva normativa d\u2019execuci\u00f3. Per fer-ho, posa\u2019t en contacte amb el Delegat de Protecci\u00f3 de Dades FIVE GUYS\u00ae per correu electr\u00f2nic:\u00a0<a href=\"mailto:dpo@fiveguys.es\">dpo@fiveguys.es<\/a>\u00a0Tamb\u00e9 pots sol\u00b7licitar la protecci\u00f3 de l\u2019autoritat de supervisi\u00f3 de la teva elecci\u00f3 (<a href=\"http:\/\/ec.europa.eu\/justice\/article-29\/structure\/data-protection-authorities\/index_en.htm\">http:\/\/ec.europa.eu\/justice\/article-29\/structure\/data-protection-authorities\/index_en.htm<\/a>).<br\/>\u00a0<br\/><strong><u>9.- Tractament de dades de videovigil\u00e0ncia als restaurants FIVE GUYS.<\/u><\/strong>\u00a0FIVE GUYS\u00ae enregistra l&#8217;acc\u00e9s de totes les persones i monitoritza amb imatges de v\u00eddeo les seves instal\u00b7lacions amb la finalitat de gestionar la seguretat de les persones, instal\u00b7lacions, altres actius de l&#8217;organitzaci\u00f3, i, en el cas dels empleats, exercir les funcions de control sobre els treballadors en virtut de l&#8217;article 20.3 de l&#8217;Estatut dels Treballadors. Les dades personals captades per les c\u00e0meres de v\u00eddeo i enregistrades (imatges) es tractaran d\u2019acord amb la normativa que regula la protecci\u00f3 de dades personals. Les dades s\u2019afegiran al nostre Registre d&#8217;activitats com a &#8220;Videovigil\u00e0ncia&#8221;. Les dades s\u2019emmagatzemen durant un per\u00edode no superior a un (1) mes, tret dels casos en qu\u00e8 un incident de seguretat impliqui la seva retenci\u00f3 durant un per\u00edode m\u00e9s llarg, que mai ser\u00e0 m\u00e9s llarg del necessari per aclarir i demostrar els fets i l\u2019execuci\u00f3 de les accions legals pertinents. Les imatges es capturen mitjan\u00e7ant un sistema de videovigil\u00e0ncia en circuit tancat instal\u00b7lat a les zones d\u2019acc\u00e9s a les instal\u00b7lacions, a les zones de tr\u00e0nsit i a les zones de restauraci\u00f3. FIVE GUYS no compartir\u00e0 les seves imatges amb tercers sota cap circumst\u00e0ncia, tret dels casos previstos o autoritzats per la legislaci\u00f3. Per exemple, algunes imatges es compartiran amb les forces de seguretat quan se sol\u00b7liciti en l&#8217;exercici de les seves funcions d&#8217;investigaci\u00f3 judicial. Podr\u00e0s exercir els teus drets (acc\u00e9s, supressi\u00f3 i limitaci\u00f3 del tractament) com a interessat en els termes establerts en el Reglament General de Protecci\u00f3 de Dades i la Llei Org\u00e0nica de Protecci\u00f3 de Dades Personals i Garanties dels Drets Digitals. Per fer-ho, posa\u2019t en contacte amb el Delegat de Protecci\u00f3 de dades de FIVE GUYS per correu electr\u00f2nic:\u00a0<a href=\"mailto:dpo@fiveguys.es\">dpo@fiveguys.es<\/a>\u00a0<em>o per qualsevol altre mitj\u00e0 que permeti acreditar l\u2019enviament i recepci\u00f3 de la sol\u00b7licitud<\/em>. Per a aquestes finalitats, tingues en compte que, en exercir el dret d\u2019acc\u00e9s, se\u2019t pot demanar que proporcionis una imatge actualitzada com a documentaci\u00f3 acreditativa que ens permeti verificar i contrastar la teva pres\u00e8ncia, com a persona interessada, en els nostres registres. Tamb\u00e9 se\u2019t pot demanar informaci\u00f3 que especifiqui i faciliti la cerca perqu\u00e8 la visualitzaci\u00f3 impacti altres tercers el menys possible. Tamb\u00e9 podr\u00e0s exercir el dret de supressi\u00f3, com s\u2019ha esmentat anteriorment, en relaci\u00f3 amb la supressi\u00f3 d\u2019imatges en un termini m\u00e0xim d\u2019un mes, sense perjudici de l\u2019esmentada excepci\u00f3. Tamb\u00e9 podr\u00e0s exercir el dret de limitaci\u00f3 del tractament quan consideris que el tractament de dades \u00e9s il\u00b7l\u00edcit i no desitgis exercir el dret de supressi\u00f3, o quan el Responsable de Tractament no requereixi les dades per a les pr\u00f2pies finalitats del tractament, per\u00f2 FIVE GUYS ho requereix per a la formulaci\u00f3, l\u2019exercici o la defensa legal davant possibles reclamacions.<br\/>\u00a0<br\/><strong><u>10.- Validesa i modificaci\u00f3 d\u2019aquesta pol\u00edtica de protecci\u00f3 de dades<\/u><\/strong>\u00a0Aquesta pol\u00edtica de privadesa va entrar en vigor l\u20191 de mar\u00e7 de 2021. FIVE GUYS\u00ae es reserva el dret de modificar unilateralment la seva pol\u00edtica de privadesa en cas de canvi en la legislaci\u00f3 vigent, jurisprud\u00e8ncia o criteris interns. Qualsevol canvi en aquesta pol\u00edtica es publicar\u00e0 en aquesta mateixa adre\u00e7a. Versi\u00f3 actual:<br\/>Pol\u00edtica de privadesa v2.0 Entrada en vigor: 1 de juliol de 2021. Versions anteriors en vigor:<br\/>Pol\u00edtica de Privadesa v1.0. (En vigor fins el 30 de juny de 2021).<br\/>\u00a0<br\/><strong><u>11.- Dret i jurisdicci\u00f3 aplicable<\/u><\/strong>\u00a0\u00a0Aquest lloc web i l\u2019\u00fas que en fan els usuaris es regeixen per la legislaci\u00f3 espanyola i europea, i qualsevol controv\u00e8rsia que pugui sorgir respecte a l\u2019aplicaci\u00f3, compliment o interpretaci\u00f3 d\u2019aquests termes i condicions es resoldr\u00e0 davant els Jutjats i Tribunals de la ciutat de Madrid. Per aquest prop\u00f2sit, com a usuari, manifestes renunciar de forma lliure i expressa a qualsevol altra jurisdicci\u00f3 a la qual puguis tenir dret.<br\/>\u00a0<br\/><strong><u>12.- Acceptaci\u00f3 i contacte legal<\/u><\/strong>\u00a0En navegar pel lloc web de FIVE GUYS\u00ae, declares haver llegit, entendre, recon\u00e8ixer i acceptar, sense reserves, tots els seus termes i condicions legals. Si tens qualsevol dubte sobre el contingut o l\u2019abast d\u2019aquesta pol\u00edtica de privadesa, posa\u2019t en contacte amb nosaltres a\u00a0<a href=\"mailto:dpo@fiveguys.es\">dpo@fiveguys.es<\/a>.\u00a0Estarem encantats d\u2019atendre\u2019t. Moltes gr\u00e0cies per la teva atenci\u00f3!<br\/>\u00a0<br\/><strong><u>13.- Contingut relacionat<\/u><\/strong> <a href=\"https:\/\/www.fiveguys.es\/ca\/termes-i-condicions\/\">Av\u00eds legal\u00a0<\/a>\u00a0<a href=\"https:\/\/www.fiveguys.es\/ca\/politica-de-galetes\/\">Pol\u00edtica de galetes<\/a><\/p>\n<\/div>\n\n\n\n<footer class=\"section-footer section-header--limited\">\n<p><\/p>\n<\/footer>\n<\/div><\/section>\n\n<p><\/p>\n","protected":false},"excerpt":{"rendered":"","protected":false},"author":1,"featured_media":0,"parent":0,"menu_order":61,"comment_status":"closed","ping_status":"open","template":"","meta":{"_acf_changed":false,"footnotes":"","_wp_rev_ctl_limit":""},"class_list":["post-4383","page","type-page","status-publish","hentry"],"acf":[],"yoast_head":"<!-- This site is optimized with the Yoast SEO plugin v27.5 - https:\/\/yoast.com\/product\/yoast-seo-wordpress\/ -->\n<title>Pol\u00edtica de Privadesa | Five Guys<\/title>\n<meta name=\"description\" content=\"Descobreix com Five Guys recull, utilitza i protegeix la teva informaci\u00f3 personal a trav\u00e9s del nostre lloc web, aplicaci\u00f3 i serveis.\" \/>\n<meta name=\"robots\" content=\"index, follow, max-snippet:-1, max-image-preview:large, max-video-preview:-1\" \/>\n<link rel=\"canonical\" href=\"https:\/\/www.fiveguys.es\/ca\/politica-de-privadesa\/\" \/>\n<meta property=\"og:locale\" content=\"ca_ES\" \/>\n<meta property=\"og:type\" content=\"article\" \/>\n<meta property=\"og:title\" content=\"Pol\u00edtica de Privadesa | Five Guys\" \/>\n<meta property=\"og:description\" content=\"Descobreix com Five Guys recull, utilitza i protegeix la teva informaci\u00f3 personal a trav\u00e9s del nostre lloc web, aplicaci\u00f3 i serveis.\" \/>\n<meta property=\"og:url\" content=\"https:\/\/www.fiveguys.es\/ca\/politica-de-privadesa\/\" \/>\n<meta property=\"og:site_name\" content=\"Five Guys\" \/>\n<meta property=\"article:publisher\" content=\"https:\/\/www.facebook.com\/fiveguys\/\" \/>\n<meta property=\"article:modified_time\" content=\"2026-03-18T18:03:11+00:00\" \/>\n<meta name=\"twitter:card\" content=\"summary_large_image\" \/>\n<meta name=\"twitter:site\" content=\"@FiveGuys\" \/>\n<meta name=\"twitter:label1\" content=\"Est. reading time\" \/>\n\t<meta name=\"twitter:data1\" content=\"8 minutes\" \/>\n<script type=\"application\/ld+json\" class=\"yoast-schema-graph\">{\"@context\":\"https:\\\/\\\/schema.org\",\"@graph\":[{\"@type\":\"WebPage\",\"@id\":\"https:\\\/\\\/www.fiveguys.es\\\/ca\\\/politica-de-privadesa\\\/\",\"url\":\"https:\\\/\\\/www.fiveguys.es\\\/ca\\\/politica-de-privadesa\\\/\",\"name\":\"Pol\u00edtica de Privadesa | Five Guys\",\"isPartOf\":{\"@id\":\"https:\\\/\\\/www.fiveguys.es\\\/ca\\\/#website\"},\"datePublished\":\"2024-10-24T18:06:52+00:00\",\"dateModified\":\"2026-03-18T18:03:11+00:00\",\"description\":\"Descobreix com Five Guys recull, utilitza i protegeix la teva informaci\u00f3 personal a trav\u00e9s del nostre lloc web, aplicaci\u00f3 i serveis.\",\"breadcrumb\":{\"@id\":\"https:\\\/\\\/www.fiveguys.es\\\/ca\\\/politica-de-privadesa\\\/#breadcrumb\"},\"inLanguage\":\"ca-ES\",\"potentialAction\":[{\"@type\":\"ReadAction\",\"target\":[\"https:\\\/\\\/www.fiveguys.es\\\/ca\\\/politica-de-privadesa\\\/\"]}]},{\"@type\":\"BreadcrumbList\",\"@id\":\"https:\\\/\\\/www.fiveguys.es\\\/ca\\\/politica-de-privadesa\\\/#breadcrumb\",\"itemListElement\":[{\"@type\":\"ListItem\",\"position\":1,\"name\":\"Home\",\"item\":\"https:\\\/\\\/www.fiveguys.es\\\/ca\\\/\"},{\"@type\":\"ListItem\",\"position\":2,\"name\":\"Pol\u00edtica de Privadesa\"}]},{\"@type\":\"WebSite\",\"@id\":\"https:\\\/\\\/www.fiveguys.es\\\/ca\\\/#website\",\"url\":\"https:\\\/\\\/www.fiveguys.es\\\/ca\\\/\",\"name\":\"Five Guys\",\"description\":\"Fresh Burgers, Fries, Shakes &amp; More!\",\"publisher\":{\"@id\":\"https:\\\/\\\/www.fiveguys.es\\\/ca\\\/#organization\"},\"potentialAction\":[{\"@type\":\"SearchAction\",\"target\":{\"@type\":\"EntryPoint\",\"urlTemplate\":\"https:\\\/\\\/www.fiveguys.es\\\/ca\\\/?s={search_term_string}\"},\"query-input\":{\"@type\":\"PropertyValueSpecification\",\"valueRequired\":true,\"valueName\":\"search_term_string\"}}],\"inLanguage\":\"ca-ES\"},{\"@type\":\"Organization\",\"@id\":\"https:\\\/\\\/www.fiveguys.es\\\/ca\\\/#organization\",\"name\":\"Five Guys Enterprises, LLC\",\"alternateName\":\"Five Guys\",\"url\":\"https:\\\/\\\/www.fiveguys.es\\\/ca\\\/\",\"logo\":{\"@type\":\"ImageObject\",\"inLanguage\":\"ca-ES\",\"@id\":\"https:\\\/\\\/www.fiveguys.es\\\/ca\\\/#\\\/schema\\\/logo\\\/image\\\/\",\"url\":\"https:\\\/\\\/media.fiveguys.com\\\/us\\\/2024\\\/10\\\/favicon.png\",\"contentUrl\":\"https:\\\/\\\/media.fiveguys.com\\\/us\\\/2024\\\/10\\\/favicon.png\",\"width\":512,\"height\":512,\"caption\":\"Five Guys Enterprises, LLC\"},\"image\":{\"@id\":\"https:\\\/\\\/www.fiveguys.es\\\/ca\\\/#\\\/schema\\\/logo\\\/image\\\/\"},\"sameAs\":[\"https:\\\/\\\/www.facebook.com\\\/fiveguys\\\/\",\"https:\\\/\\\/x.com\\\/FiveGuys\",\"https:\\\/\\\/open.spotify.com\\\/user\\\/xhjybu9z8yg6jucgxua7dhmqo\",\"https:\\\/\\\/www.instagram.com\\\/fiveguys\\\/\",\"https:\\\/\\\/www.linkedin.com\\\/company\\\/five-guys-enterprises\",\"https:\\\/\\\/www.youtube.com\\\/channel\\\/UCnPsCURqHlcoRt-Vr7nEaEg\"]}]}<\/script>\n<!-- \/ Yoast SEO plugin. -->","yoast_head_json":{"title":"Pol\u00edtica de Privadesa | Five Guys","description":"Descobreix com Five Guys recull, utilitza i protegeix la teva informaci\u00f3 personal a trav\u00e9s del nostre lloc web, aplicaci\u00f3 i serveis.","robots":{"index":"index","follow":"follow","max-snippet":"max-snippet:-1","max-image-preview":"max-image-preview:large","max-video-preview":"max-video-preview:-1"},"canonical":"https:\/\/www.fiveguys.es\/ca\/politica-de-privadesa\/","og_locale":"ca_ES","og_type":"article","og_title":"Pol\u00edtica de Privadesa | Five Guys","og_description":"Descobreix com Five Guys recull, utilitza i protegeix la teva informaci\u00f3 personal a trav\u00e9s del nostre lloc web, aplicaci\u00f3 i serveis.","og_url":"https:\/\/www.fiveguys.es\/ca\/politica-de-privadesa\/","og_site_name":"Five Guys","article_publisher":"https:\/\/www.facebook.com\/fiveguys\/","article_modified_time":"2026-03-18T18:03:11+00:00","twitter_card":"summary_large_image","twitter_site":"@FiveGuys","twitter_misc":{"Est. reading time":"8 minutes"},"schema":{"@context":"https:\/\/schema.org","@graph":[{"@type":"WebPage","@id":"https:\/\/www.fiveguys.es\/ca\/politica-de-privadesa\/","url":"https:\/\/www.fiveguys.es\/ca\/politica-de-privadesa\/","name":"Pol\u00edtica de Privadesa | Five Guys","isPartOf":{"@id":"https:\/\/www.fiveguys.es\/ca\/#website"},"datePublished":"2024-10-24T18:06:52+00:00","dateModified":"2026-03-18T18:03:11+00:00","description":"Descobreix com Five Guys recull, utilitza i protegeix la teva informaci\u00f3 personal a trav\u00e9s del nostre lloc web, aplicaci\u00f3 i serveis.","breadcrumb":{"@id":"https:\/\/www.fiveguys.es\/ca\/politica-de-privadesa\/#breadcrumb"},"inLanguage":"ca-ES","potentialAction":[{"@type":"ReadAction","target":["https:\/\/www.fiveguys.es\/ca\/politica-de-privadesa\/"]}]},{"@type":"BreadcrumbList","@id":"https:\/\/www.fiveguys.es\/ca\/politica-de-privadesa\/#breadcrumb","itemListElement":[{"@type":"ListItem","position":1,"name":"Home","item":"https:\/\/www.fiveguys.es\/ca\/"},{"@type":"ListItem","position":2,"name":"Pol\u00edtica de Privadesa"}]},{"@type":"WebSite","@id":"https:\/\/www.fiveguys.es\/ca\/#website","url":"https:\/\/www.fiveguys.es\/ca\/","name":"Five Guys","description":"Fresh Burgers, Fries, Shakes &amp; More!","publisher":{"@id":"https:\/\/www.fiveguys.es\/ca\/#organization"},"potentialAction":[{"@type":"SearchAction","target":{"@type":"EntryPoint","urlTemplate":"https:\/\/www.fiveguys.es\/ca\/?s={search_term_string}"},"query-input":{"@type":"PropertyValueSpecification","valueRequired":true,"valueName":"search_term_string"}}],"inLanguage":"ca-ES"},{"@type":"Organization","@id":"https:\/\/www.fiveguys.es\/ca\/#organization","name":"Five Guys Enterprises, LLC","alternateName":"Five Guys","url":"https:\/\/www.fiveguys.es\/ca\/","logo":{"@type":"ImageObject","inLanguage":"ca-ES","@id":"https:\/\/www.fiveguys.es\/ca\/#\/schema\/logo\/image\/","url":"https:\/\/media.fiveguys.com\/us\/2024\/10\/favicon.png","contentUrl":"https:\/\/media.fiveguys.com\/us\/2024\/10\/favicon.png","width":512,"height":512,"caption":"Five Guys Enterprises, LLC"},"image":{"@id":"https:\/\/www.fiveguys.es\/ca\/#\/schema\/logo\/image\/"},"sameAs":["https:\/\/www.facebook.com\/fiveguys\/","https:\/\/x.com\/FiveGuys","https:\/\/open.spotify.com\/user\/xhjybu9z8yg6jucgxua7dhmqo","https:\/\/www.instagram.com\/fiveguys\/","https:\/\/www.linkedin.com\/company\/five-guys-enterprises","https:\/\/www.youtube.com\/channel\/UCnPsCURqHlcoRt-Vr7nEaEg"]}]}},"_links":{"self":[{"href":"https:\/\/www.fiveguys.es\/ca\/wp-json\/wp\/v2\/pages\/4383","targetHints":{"allow":["GET"]}}],"collection":[{"href":"https:\/\/www.fiveguys.es\/ca\/wp-json\/wp\/v2\/pages"}],"about":[{"href":"https:\/\/www.fiveguys.es\/ca\/wp-json\/wp\/v2\/types\/page"}],"author":[{"embeddable":true,"href":"https:\/\/www.fiveguys.es\/ca\/wp-json\/wp\/v2\/users\/1"}],"replies":[{"embeddable":true,"href":"https:\/\/www.fiveguys.es\/ca\/wp-json\/wp\/v2\/comments?post=4383"}],"version-history":[{"count":3,"href":"https:\/\/www.fiveguys.es\/ca\/wp-json\/wp\/v2\/pages\/4383\/revisions"}],"predecessor-version":[{"id":4490,"href":"https:\/\/www.fiveguys.es\/ca\/wp-json\/wp\/v2\/pages\/4383\/revisions\/4490"}],"wp:attachment":[{"href":"https:\/\/www.fiveguys.es\/ca\/wp-json\/wp\/v2\/media?parent=4383"}],"curies":[{"name":"wp","href":"https:\/\/api.w.org\/{rel}","templated":true}]}}