
{"id":4341,"date":"2025-05-06T11:14:38","date_gmt":"2025-05-06T09:14:38","guid":{"rendered":"https:\/\/staging.fiveguys.es\/comandes-en-linia\/"},"modified":"2026-05-05T12:20:55","modified_gmt":"2026-05-05T10:20:55","slug":"comandes-en-linia","status":"publish","type":"page","link":"https:\/\/www.fiveguys.es\/ca\/comandes-en-linia\/","title":{"rendered":"Comandes en l\u00ednia"},"content":{"rendered":"\n<header class=\"hero-media-banner hero-media-banner--media-fit-contain hero-media-banner--media-align-center hero-media-banner--bkg-red section--has-paper-border\" data-random-border-width=\"98rem\" data-comname=\"hero-media-banner\"><div class=\"wrap wrap--wide\"><div class=\"l-media-banner\"><div class=\"l-media-banner-body\">\n<header class=\"hero-header section-header--limited\">\n<h1 class=\"wp-block-heading\">Comandes en l\u00ednia\u2028a Five Guys<\/h1>\n<\/header>\n\n\n\n<div class=\"hero-content\">\n<p class=\"is-style-p-lead\">Fes una comanda en l\u00ednia i rep el teu<br>menjar Five Guys m\u00e9s r\u00e0pid.<\/p>\n\n\n\n<div class=\"wp-block-buttons is-layout-flex wp-block-buttons-is-layout-flex\">\n<div class=\"wp-block-button is-style-button--order-icon\"><a class=\"wp-block-button__link wp-element-button\" href=\"https:\/\/order.fiveguys.es\/findpostcode#\/start-order\/\">Demanar ara<\/a><\/div>\n<\/div>\n<\/div>\n<\/div><\/div><\/div><div class=\"l-media-banner-bkg\"><div class=\"hero-media-banner-bkg\"><img loading=\"lazy\" decoding=\"async\" class=\"hero-media-banner-bkg-image--desktop wp-image wp-image-3165\" src=\"https:\/\/www.fiveguys.es\/wp-content\/uploads\/sites\/35\/2025\/09\/bag-cup.png\" width=\"1087\" height=\"625\" alt=\"\" srcset=\"https:\/\/www.fiveguys.es\/wp-content\/uploads\/sites\/35\/2025\/09\/bag-cup.png 1087w, https:\/\/www.fiveguys.es\/wp-content\/uploads\/sites\/35\/2025\/09\/bag-cup-300x172.png 300w, https:\/\/www.fiveguys.es\/wp-content\/uploads\/sites\/35\/2025\/09\/bag-cup-1024x589.png 1024w, https:\/\/www.fiveguys.es\/wp-content\/uploads\/sites\/35\/2025\/09\/bag-cup-768x442.png 768w\" sizes=\"auto, (max-width: 1087px) 100vw, 1087px\" \/><img loading=\"lazy\" decoding=\"async\" class=\"hero-media-banner-bkg-image--mobile wp-image wp-image-3167\" src=\"https:\/\/www.fiveguys.es\/wp-content\/uploads\/sites\/35\/2025\/09\/paper-bag-mobile.png\" width=\"323\" height=\"403\" alt=\"\" srcset=\"https:\/\/www.fiveguys.es\/wp-content\/uploads\/sites\/35\/2025\/09\/paper-bag-mobile.png 323w, https:\/\/www.fiveguys.es\/wp-content\/uploads\/sites\/35\/2025\/09\/paper-bag-mobile-240x300.png 240w\" sizes=\"auto, (max-width: 323px) 100vw, 323px\" \/><\/div><\/div><\/header>\n\n\n\n<section class=\"section section--split-media color-option-0\" data-comname=\"section-split-media-content\"><div class=\"wrap wrap--wide\"><div class=\"l-split-media l-split-media--end\"><div class=\"l-split-media-item l-split-media-item--content\"><div class=\"split-content-wrap color-option-1\">\n<div class=\"content-stack\">\n<h2 class=\"wp-block-heading\">Crea l\u2019\u00e0pat Five Guys perfecte<\/h2>\n\n\n\n<p>Amb la comanda en l\u00ednia de Five Guys, mai no ha estat tan f\u00e0cil aconseguir el teu menjar. Hi ha moltes maneres de demanar en l\u00ednia. Demana directament des del nostre lloc web, fes servir l\u2019aplicaci\u00f3 m\u00f2bil o fes la comanda mitjan\u00e7ant algun dels nostres socis de repartiment.&nbsp;<\/p>\n<\/div>\n<\/div><\/div><div class=\"l-split-media-item l-split-media-item--graphic\"><img loading=\"lazy\" decoding=\"async\" class=\"split-media-feature-image split-media-feature-image--desktop wp-image wp-image-1606\" src=\"https:\/\/www.fiveguys.es\/wp-content\/uploads\/sites\/35\/2025\/07\/med-image-block.jpg\" width=\"585\" height=\"751\" alt=\"\" srcset=\"https:\/\/www.fiveguys.es\/wp-content\/uploads\/sites\/35\/2025\/07\/med-image-block.jpg 585w, https:\/\/www.fiveguys.es\/wp-content\/uploads\/sites\/35\/2025\/07\/med-image-block-234x300.jpg 234w, https:\/\/www.fiveguys.es\/wp-content\/uploads\/sites\/35\/2025\/07\/med-image-block-9x12.jpg 9w\" sizes=\"auto, (max-width: 585px) 100vw, 585px\" \/><\/div><\/div><\/div><\/section>\n\n\n\n<section class=\"section section--content section--medium color-option-0\" data-random-border-width=\"98rem\" data-comname=\"delivery-partners\"><div class=\"wrap wrap--normal\">\n<header class=\"section-header section-header--limited\">\n<h3 class=\"wp-block-heading\">Els nostres socis de repartiment<\/h3>\n<\/header>\n\n\n\n<div class=\"content-stack\">\n<div class=\"wp-block-five-guys-blocks-logo-grid logo-grid-block\">\n<figure class=\"wp-block-image size-large\"><img loading=\"lazy\" decoding=\"async\" width=\"191\" height=\"65\" src=\"https:\/\/www.fiveguys.es\/wp-content\/uploads\/sites\/35\/2025\/10\/Glovo_logo.svg.svg\" alt=\"\" class=\"wp-image-3682\"\/><\/figure>\n\n\n\n<figure class=\"wp-block-image size-large\"><img loading=\"lazy\" decoding=\"async\" width=\"275\" height=\"105\" src=\"https:\/\/www.fiveguys.es\/wp-content\/uploads\/sites\/35\/2025\/09\/just_eat-brandlogo.net_-512x512-1.svg\" alt=\"\" class=\"wp-image-3316\"\/><\/figure>\n\n\n\n<figure class=\"wp-block-image size-large\"><img loading=\"lazy\" decoding=\"async\" width=\"223\" height=\"36\" src=\"https:\/\/www.fiveguys.es\/wp-content\/uploads\/sites\/35\/2025\/09\/Uber-Eats.svg\" alt=\"Uber Eats\" class=\"wp-image-2842\"\/><\/figure>\n<\/div>\n<\/div>\n\n\n\n<footer class=\"section-footer section-header--limited\">\n<p>Els socis de repartiment varien segons la zona i poden no apar\u00e8ixer aqu\u00ed.<\/p>\n<\/footer>\n<\/div><\/section>\n\n\n\n<section class=\"section section--split-media color-option-0\" data-comname=\"section-split-media-content\"><div class=\"wrap wrap--wide\"><div class=\"l-split-media l-split-media--start\"><div class=\"l-split-media-item l-split-media-item--content\"><div class=\"split-content-wrap color-option-1\">\n<div class=\"content-stack\">\n<h2 class=\"wp-block-heading\">Tot \u00e9s a<br>l\u2019aplicaci\u00f3 Five Guys<\/h2>\n\n\n\n<p>Five Guys is always a tap away with the Five Guys mobile app. You can place orders ahead of time, customize to your heart\u2019s content, save your favorite orders, plan large orders, and so much more.<\/p>\n\n\n\n<div class=\"wp-block-buttons is-content-justification-right is-layout-flex wp-container-core-buttons-is-layout-765c4724 wp-block-buttons-is-layout-flex\">\n<div class=\"wp-block-button\"><a class=\"wp-block-button__link wp-element-button\" href=\"https:\/\/fiveguys.es\/ca\/aplicacio-mobil-five-guys\/\">obt\u00e9n l\u2019aplicaci\u00f3<\/a><\/div>\n<\/div>\n<\/div>\n<\/div><\/div><div class=\"l-split-media-item l-split-media-item--graphic\"><img loading=\"lazy\" decoding=\"async\" class=\"split-media-feature-image split-media-feature-image--desktop wp-image wp-image-3120\" src=\"https:\/\/www.fiveguys.es\/wp-content\/uploads\/sites\/35\/2025\/09\/app-copy-1.png\" width=\"603\" height=\"754\" alt=\"\" srcset=\"https:\/\/www.fiveguys.es\/wp-content\/uploads\/sites\/35\/2025\/09\/app-copy-1.png 603w, https:\/\/www.fiveguys.es\/wp-content\/uploads\/sites\/35\/2025\/09\/app-copy-1-240x300.png 240w\" sizes=\"auto, (max-width: 603px) 100vw, 603px\" \/><\/div><\/div><\/div><\/section>\n\n\n\n<section class=\"section section--content section--medium color-option-0\" data-random-border-width=\"98rem\" data-comname=\"section-content\"><div class=\"wrap wrap--limited\">\n<header class=\"section-header section-header--limited\">\n<h3 class=\"wp-block-heading\">Preguntes freq\u00fcents sobre les comandes en l\u00ednia<\/h3>\n<\/header>\n\n\n\n<div class=\"content-stack\">\n<div class=\"faqs-by-category-block wp-block-five-guys-blocks-faqs-by-category\">\n            <div class=\"js-accordion accordion-block\"\n            role=\"group\"\n            aria-label=\"Comandes, Frequently Asked Questions.\">\n                                            \n                <h3 class=\"accordion-title\">\n                    <button type=\"button\">Com es fa una comanda Click &amp; Collect?<\/button>\n                <\/h3>\n                \n                <div class=\"accordion-content\">\n                    <div class=\"content-stack\">\n                                                    Pots fer la teva comanda en l\u00ednia i recollir-la al restaurant amb el nostre servei Click &amp; Collect. Fes una comanda al nostre web aqu\u00ed o a la nostra aplicaci\u00f3 aqu\u00ed per evitar cues, fant\u00e0stic quan est\u00e0s mort de gana i no pots esperar!                                            <\/div>\n                <\/div>\n                \n                                            \n                <h3 class=\"accordion-title\">\n                    <button type=\"button\">Per qu\u00e8 he d\u2019esperar tot i fer una comanda amb antelaci\u00f3?<\/button>\n                <\/h3>\n                \n                <div class=\"accordion-content\">\n                    <div class=\"content-stack\">\n                                                    Sabem que pot ser frustrant haver d\u2019esperar per una comanda feta en l\u00ednia, per\u00f2 aix\u00f2 nom\u00e9s pot passar quan la comanda inclou patates fregides. Esperem que arribis per a fregir les patates per tal de garantir que puguis gaudir-ne tot just acabades de fer!                                            <\/div>\n                <\/div>\n                \n                                            \n                <h3 class=\"accordion-title\">\n                    <button type=\"button\">Five Guys ofereix serveis de lliurament?<\/button>\n                <\/h3>\n                \n                <div class=\"accordion-content\">\n                    <div class=\"content-stack\">\n                                                    S\u00ed. Oferim el lliurament de Five Guys a trav\u00e9s dels nostres socis de repartiment: Glovo, Just Eat i Uber Eats. Pots trobar una ubicaci\u00f3 propera <a href=\"https:\/\/restaurantes.fiveguys.es\/index.html\">aqu\u00ed<\/a> per fer una comanda a trav\u00e9s de la seva aplicaci\u00f3. Selecciona la icona de soci pertinent a la p\u00e0gina Restaurants per anar-hi. Per qu\u00e8 no demanar el lliurament a domicili aquells dies en qu\u00e8 et faci mandra cuinar?                                            <\/div>\n                <\/div>\n                \n                    <\/div>\n    <\/div>\n\n<\/div>\n\n\n\n<footer class=\"section-footer section-header--limited\">\n<div class=\"wp-block-buttons is-content-justification-center is-layout-flex wp-container-core-buttons-is-layout-16018d1d wp-block-buttons-is-layout-flex\">\n<div class=\"wp-block-button is-style-outline is-style-outline--1\"><a class=\"wp-block-button__link wp-element-button\" href=\"https:\/\/fiveguys.es\/ca\/centre-de-suport\/preguntes-frequents\/\">Veure totes les preguntes freq\u00fcents<\/a><\/div>\n<\/div>\n<\/footer>\n<\/div><\/section>\n\n\n\n<section class=\"section section--content section--medium is-header-disabled is-footer-disabled color-option-0 is-style-top-divider\" data-random-border-width=\"98rem\" data-comname=\"section-content\"><div class=\"wrap wrap--normal\">\n<header class=\"section-header section-header--limited\">\n<h2 class=\"wp-block-heading\"><\/h2>\n<\/header>\n\n\n\n<div class=\"content-stack\">\n<h2 class=\"wp-block-heading has-text-align-center\">Tens gana ara?<\/h2>\n\n\n\n<div class=\"wp-block-buttons is-content-justification-center is-layout-flex wp-container-core-buttons-is-layout-16018d1d wp-block-buttons-is-layout-flex\">\n<div class=\"wp-block-button is-style-button--order-icon\"><a class=\"wp-block-button__link wp-element-button\" href=\"https:\/\/order.fiveguys.es\/findpostcode#\/start-order\/\">fes una comanda ara mateix<\/a><\/div>\n<\/div>\n<\/div>\n\n\n\n<footer class=\"section-footer section-header--limited\">\n<p><\/p>\n<\/footer>\n<\/div><\/section>\n\n\n\n<section class=\"section section--column-page-cards color-option-0\" data-random-border-width=\"98rem\" data-comname=\"section-callout-card-columns\"><div class=\"wrap wrap--normal\">\n<div class=\"l-columns l-columns--2 l-columns--gap-normal l-columns--align-normal\">\n<div class=\"l-column-item\">\n<div class=\"card-page-callout\"><div class=\"card-page-callout-content\">\n<h2 class=\"wp-block-heading\">Descobreix el nostre men\u00fa.<\/h2>\n\n\n\n<p>From hand-formed burgers to handspun milkshakes and everything in between, our menu is always fresh and designed for customization.<\/p>\n\n\n\n<div class=\"wp-block-buttons is-layout-flex wp-block-buttons-is-layout-flex\">\n<div class=\"wp-block-button\"><a class=\"wp-block-button__link wp-element-button\" href=\"https:\/\/fiveguys.es\/ca\/menu-five-guys\/\">men\u00fa complet<\/a><\/div>\n<\/div>\n<\/div><div class=\"card-page-callout-thumb\"><img loading=\"lazy\" decoding=\"async\" class=\"wp-image wp-image-6189\" src=\"https:\/\/www.fiveguys.es\/wp-content\/uploads\/sites\/35\/2026\/05\/Featured-image-scaled-2.jpg\" width=\"2560\" height=\"2391\" alt=\"\" srcset=\"https:\/\/www.fiveguys.es\/wp-content\/uploads\/sites\/35\/2026\/05\/Featured-image-scaled-2.jpg 2560w, https:\/\/www.fiveguys.es\/wp-content\/uploads\/sites\/35\/2026\/05\/Featured-image-scaled-2-300x280.jpg 300w, https:\/\/www.fiveguys.es\/wp-content\/uploads\/sites\/35\/2026\/05\/Featured-image-scaled-2-1024x956.jpg 1024w, https:\/\/www.fiveguys.es\/wp-content\/uploads\/sites\/35\/2026\/05\/Featured-image-scaled-2-768x717.jpg 768w, https:\/\/www.fiveguys.es\/wp-content\/uploads\/sites\/35\/2026\/05\/Featured-image-scaled-2-1536x1435.jpg 1536w, https:\/\/www.fiveguys.es\/wp-content\/uploads\/sites\/35\/2026\/05\/Featured-image-scaled-2-2048x1913.jpg 2048w\" sizes=\"auto, (max-width: 2560px) 100vw, 2560px\" \/><\/div><\/div>\n<\/div>\n\n\n\n<div class=\"l-column-item\">\n<div class=\"card-page-callout\"><div class=\"card-page-callout-content\">\n<h2 class=\"wp-block-heading\">El que hi ha darrere del nostre menjar<\/h2>\n\n\n\n<p>Des dels ingredients fins al met\u00f2dic proc\u00e9s de preparaci\u00f3 que apliquem, descobreix els secrets que hi ha al darrere de la m\u00e0gia de Five Guys.<\/p>\n\n\n\n<div class=\"wp-block-buttons is-layout-flex wp-block-buttons-is-layout-flex\">\n<div class=\"wp-block-button\"><a class=\"wp-block-button__link wp-element-button\" href=\"https:\/\/fiveguys.es\/ca\/sobre-el-nostre-menjar\/\">sobre el nostre menjar<\/a><\/div>\n<\/div>\n<\/div><div class=\"card-page-callout-thumb\"><img loading=\"lazy\" decoding=\"async\" class=\"wp-image wp-image-1098\" src=\"https:\/\/www.fiveguys.es\/wp-content\/uploads\/sites\/35\/2025\/07\/83d29463b59aeb2dbaf9fb1aef19108606075805-final.jpg\" width=\"1000\" height=\"667\" alt=\"\" srcset=\"https:\/\/www.fiveguys.es\/wp-content\/uploads\/sites\/35\/2025\/07\/83d29463b59aeb2dbaf9fb1aef19108606075805-final.jpg 1000w, https:\/\/www.fiveguys.es\/wp-content\/uploads\/sites\/35\/2025\/07\/83d29463b59aeb2dbaf9fb1aef19108606075805-final-300x200.jpg 300w, https:\/\/www.fiveguys.es\/wp-content\/uploads\/sites\/35\/2025\/07\/83d29463b59aeb2dbaf9fb1aef19108606075805-final-768x512.jpg 768w, https:\/\/www.fiveguys.es\/wp-content\/uploads\/sites\/35\/2025\/07\/83d29463b59aeb2dbaf9fb1aef19108606075805-final-18x12.jpg 18w\" sizes=\"auto, (max-width: 1000px) 100vw, 1000px\" \/><\/div><\/div>\n<\/div>\n<\/div>\n<\/div><\/section>\n","protected":false},"excerpt":{"rendered":"","protected":false},"author":2,"featured_media":0,"parent":0,"menu_order":56,"comment_status":"closed","ping_status":"closed","template":"","meta":{"_acf_changed":false,"footnotes":"","_wp_rev_ctl_limit":""},"class_list":["post-4341","page","type-page","status-publish","hentry"],"acf":[],"yoast_head":"<!-- This site is optimized with the Yoast SEO plugin v27.5 - https:\/\/yoast.com\/product\/yoast-seo-wordpress\/ -->\n<title>Comandes en l\u00ednia | Five Guys<\/title>\n<meta name=\"description\" content=\"Fes una comanda a Five Guys en l\u00ednia per a recollida o lliurament. Personalitza la teva elecci\u00f3, desa els teus preferits i accedeix als millors preus i ofertes per temps limitat.\" \/>\n<meta name=\"robots\" content=\"index, follow, max-snippet:-1, max-image-preview:large, max-video-preview:-1\" \/>\n<link rel=\"canonical\" href=\"https:\/\/www.fiveguys.es\/ca\/comandes-en-linia\/\" \/>\n<meta property=\"og:locale\" content=\"ca_ES\" \/>\n<meta property=\"og:type\" content=\"article\" \/>\n<meta property=\"og:title\" content=\"Comandes en l\u00ednia | Five Guys\" \/>\n<meta property=\"og:description\" content=\"Fes una comanda a Five Guys en l\u00ednia per a recollida o lliurament. Personalitza la teva elecci\u00f3, desa els teus preferits i accedeix als millors preus i ofertes per temps limitat.\" \/>\n<meta property=\"og:url\" content=\"https:\/\/www.fiveguys.es\/ca\/comandes-en-linia\/\" \/>\n<meta property=\"og:site_name\" content=\"Five Guys\" \/>\n<meta property=\"article:publisher\" content=\"https:\/\/www.facebook.com\/fiveguys\/\" \/>\n<meta property=\"article:modified_time\" content=\"2026-05-05T10:20:55+00:00\" \/>\n<meta property=\"og:image\" content=\"https:\/\/www.fiveguys.es\/wp-content\/uploads\/sites\/35\/2025\/09\/bag-cup.png\" \/>\n\t<meta property=\"og:image:width\" content=\"1087\" \/>\n\t<meta property=\"og:image:height\" content=\"625\" \/>\n\t<meta property=\"og:image:type\" content=\"image\/png\" \/>\n<meta name=\"twitter:card\" content=\"summary_large_image\" \/>\n<meta name=\"twitter:site\" content=\"@FiveGuys\" \/>\n<meta name=\"twitter:label1\" content=\"Est. reading time\" \/>\n\t<meta name=\"twitter:data1\" content=\"1 minute\" \/>\n<script type=\"application\/ld+json\" class=\"yoast-schema-graph\">{\"@context\":\"https:\\\/\\\/schema.org\",\"@graph\":[{\"@type\":\"WebPage\",\"@id\":\"https:\\\/\\\/www.fiveguys.es\\\/ca\\\/comandes-en-linia\\\/\",\"url\":\"https:\\\/\\\/www.fiveguys.es\\\/ca\\\/comandes-en-linia\\\/\",\"name\":\"Comandes en l\u00ednia | Five Guys\",\"isPartOf\":{\"@id\":\"https:\\\/\\\/www.fiveguys.es\\\/ca\\\/#website\"},\"primaryImageOfPage\":{\"@id\":\"https:\\\/\\\/www.fiveguys.es\\\/ca\\\/comandes-en-linia\\\/#primaryimage\"},\"image\":{\"@id\":\"https:\\\/\\\/www.fiveguys.es\\\/ca\\\/comandes-en-linia\\\/#primaryimage\"},\"thumbnailUrl\":\"https:\\\/\\\/www.fiveguys.es\\\/wp-content\\\/uploads\\\/sites\\\/35\\\/2025\\\/09\\\/bag-cup.png\",\"datePublished\":\"2025-05-06T09:14:38+00:00\",\"dateModified\":\"2026-05-05T10:20:55+00:00\",\"description\":\"Fes una comanda a Five Guys en l\u00ednia per a recollida o lliurament. Personalitza la teva elecci\u00f3, desa els teus preferits i accedeix als millors preus i ofertes per temps limitat.\",\"breadcrumb\":{\"@id\":\"https:\\\/\\\/www.fiveguys.es\\\/ca\\\/comandes-en-linia\\\/#breadcrumb\"},\"inLanguage\":\"ca-ES\",\"potentialAction\":[{\"@type\":\"ReadAction\",\"target\":[\"https:\\\/\\\/www.fiveguys.es\\\/ca\\\/comandes-en-linia\\\/\"]}]},{\"@type\":\"ImageObject\",\"inLanguage\":\"ca-ES\",\"@id\":\"https:\\\/\\\/www.fiveguys.es\\\/ca\\\/comandes-en-linia\\\/#primaryimage\",\"url\":\"https:\\\/\\\/www.fiveguys.es\\\/wp-content\\\/uploads\\\/sites\\\/35\\\/2025\\\/09\\\/bag-cup.png\",\"contentUrl\":\"https:\\\/\\\/www.fiveguys.es\\\/wp-content\\\/uploads\\\/sites\\\/35\\\/2025\\\/09\\\/bag-cup.png\"},{\"@type\":\"BreadcrumbList\",\"@id\":\"https:\\\/\\\/www.fiveguys.es\\\/ca\\\/comandes-en-linia\\\/#breadcrumb\",\"itemListElement\":[{\"@type\":\"ListItem\",\"position\":1,\"name\":\"Home\",\"item\":\"https:\\\/\\\/www.fiveguys.es\\\/ca\\\/\"},{\"@type\":\"ListItem\",\"position\":2,\"name\":\"Comandes en l\u00ednia\"}]},{\"@type\":\"WebSite\",\"@id\":\"https:\\\/\\\/www.fiveguys.es\\\/ca\\\/#website\",\"url\":\"https:\\\/\\\/www.fiveguys.es\\\/ca\\\/\",\"name\":\"Five Guys\",\"description\":\"Fresh Burgers, Fries, Shakes &amp; More!\",\"publisher\":{\"@id\":\"https:\\\/\\\/www.fiveguys.es\\\/ca\\\/#organization\"},\"potentialAction\":[{\"@type\":\"SearchAction\",\"target\":{\"@type\":\"EntryPoint\",\"urlTemplate\":\"https:\\\/\\\/www.fiveguys.es\\\/ca\\\/?s={search_term_string}\"},\"query-input\":{\"@type\":\"PropertyValueSpecification\",\"valueRequired\":true,\"valueName\":\"search_term_string\"}}],\"inLanguage\":\"ca-ES\"},{\"@type\":\"Organization\",\"@id\":\"https:\\\/\\\/www.fiveguys.es\\\/ca\\\/#organization\",\"name\":\"Five Guys Enterprises, LLC\",\"alternateName\":\"Five Guys\",\"url\":\"https:\\\/\\\/www.fiveguys.es\\\/ca\\\/\",\"logo\":{\"@type\":\"ImageObject\",\"inLanguage\":\"ca-ES\",\"@id\":\"https:\\\/\\\/www.fiveguys.es\\\/ca\\\/#\\\/schema\\\/logo\\\/image\\\/\",\"url\":\"https:\\\/\\\/media.fiveguys.com\\\/us\\\/2024\\\/10\\\/favicon.png\",\"contentUrl\":\"https:\\\/\\\/media.fiveguys.com\\\/us\\\/2024\\\/10\\\/favicon.png\",\"width\":512,\"height\":512,\"caption\":\"Five Guys Enterprises, LLC\"},\"image\":{\"@id\":\"https:\\\/\\\/www.fiveguys.es\\\/ca\\\/#\\\/schema\\\/logo\\\/image\\\/\"},\"sameAs\":[\"https:\\\/\\\/www.facebook.com\\\/fiveguys\\\/\",\"https:\\\/\\\/x.com\\\/FiveGuys\",\"https:\\\/\\\/open.spotify.com\\\/user\\\/xhjybu9z8yg6jucgxua7dhmqo\",\"https:\\\/\\\/www.instagram.com\\\/fiveguys\\\/\",\"https:\\\/\\\/www.linkedin.com\\\/company\\\/five-guys-enterprises\",\"https:\\\/\\\/www.youtube.com\\\/channel\\\/UCnPsCURqHlcoRt-Vr7nEaEg\"]}]}<\/script>\n<!-- \/ Yoast SEO plugin. -->","yoast_head_json":{"title":"Comandes en l\u00ednia | Five Guys","description":"Fes una comanda a Five Guys en l\u00ednia per a recollida o lliurament. Personalitza la teva elecci\u00f3, desa els teus preferits i accedeix als millors preus i ofertes per temps limitat.","robots":{"index":"index","follow":"follow","max-snippet":"max-snippet:-1","max-image-preview":"max-image-preview:large","max-video-preview":"max-video-preview:-1"},"canonical":"https:\/\/www.fiveguys.es\/ca\/comandes-en-linia\/","og_locale":"ca_ES","og_type":"article","og_title":"Comandes en l\u00ednia | Five Guys","og_description":"Fes una comanda a Five Guys en l\u00ednia per a recollida o lliurament. Personalitza la teva elecci\u00f3, desa els teus preferits i accedeix als millors preus i ofertes per temps limitat.","og_url":"https:\/\/www.fiveguys.es\/ca\/comandes-en-linia\/","og_site_name":"Five Guys","article_publisher":"https:\/\/www.facebook.com\/fiveguys\/","article_modified_time":"2026-05-05T10:20:55+00:00","og_image":[{"width":1087,"height":625,"url":"https:\/\/www.fiveguys.es\/wp-content\/uploads\/sites\/35\/2025\/09\/bag-cup.png","type":"image\/png"}],"twitter_card":"summary_large_image","twitter_site":"@FiveGuys","twitter_misc":{"Est. reading time":"1 minute"},"schema":{"@context":"https:\/\/schema.org","@graph":[{"@type":"WebPage","@id":"https:\/\/www.fiveguys.es\/ca\/comandes-en-linia\/","url":"https:\/\/www.fiveguys.es\/ca\/comandes-en-linia\/","name":"Comandes en l\u00ednia | Five Guys","isPartOf":{"@id":"https:\/\/www.fiveguys.es\/ca\/#website"},"primaryImageOfPage":{"@id":"https:\/\/www.fiveguys.es\/ca\/comandes-en-linia\/#primaryimage"},"image":{"@id":"https:\/\/www.fiveguys.es\/ca\/comandes-en-linia\/#primaryimage"},"thumbnailUrl":"https:\/\/www.fiveguys.es\/wp-content\/uploads\/sites\/35\/2025\/09\/bag-cup.png","datePublished":"2025-05-06T09:14:38+00:00","dateModified":"2026-05-05T10:20:55+00:00","description":"Fes una comanda a Five Guys en l\u00ednia per a recollida o lliurament. Personalitza la teva elecci\u00f3, desa els teus preferits i accedeix als millors preus i ofertes per temps limitat.","breadcrumb":{"@id":"https:\/\/www.fiveguys.es\/ca\/comandes-en-linia\/#breadcrumb"},"inLanguage":"ca-ES","potentialAction":[{"@type":"ReadAction","target":["https:\/\/www.fiveguys.es\/ca\/comandes-en-linia\/"]}]},{"@type":"ImageObject","inLanguage":"ca-ES","@id":"https:\/\/www.fiveguys.es\/ca\/comandes-en-linia\/#primaryimage","url":"https:\/\/www.fiveguys.es\/wp-content\/uploads\/sites\/35\/2025\/09\/bag-cup.png","contentUrl":"https:\/\/www.fiveguys.es\/wp-content\/uploads\/sites\/35\/2025\/09\/bag-cup.png"},{"@type":"BreadcrumbList","@id":"https:\/\/www.fiveguys.es\/ca\/comandes-en-linia\/#breadcrumb","itemListElement":[{"@type":"ListItem","position":1,"name":"Home","item":"https:\/\/www.fiveguys.es\/ca\/"},{"@type":"ListItem","position":2,"name":"Comandes en l\u00ednia"}]},{"@type":"WebSite","@id":"https:\/\/www.fiveguys.es\/ca\/#website","url":"https:\/\/www.fiveguys.es\/ca\/","name":"Five Guys","description":"Fresh Burgers, Fries, Shakes &amp; More!","publisher":{"@id":"https:\/\/www.fiveguys.es\/ca\/#organization"},"potentialAction":[{"@type":"SearchAction","target":{"@type":"EntryPoint","urlTemplate":"https:\/\/www.fiveguys.es\/ca\/?s={search_term_string}"},"query-input":{"@type":"PropertyValueSpecification","valueRequired":true,"valueName":"search_term_string"}}],"inLanguage":"ca-ES"},{"@type":"Organization","@id":"https:\/\/www.fiveguys.es\/ca\/#organization","name":"Five Guys Enterprises, LLC","alternateName":"Five Guys","url":"https:\/\/www.fiveguys.es\/ca\/","logo":{"@type":"ImageObject","inLanguage":"ca-ES","@id":"https:\/\/www.fiveguys.es\/ca\/#\/schema\/logo\/image\/","url":"https:\/\/media.fiveguys.com\/us\/2024\/10\/favicon.png","contentUrl":"https:\/\/media.fiveguys.com\/us\/2024\/10\/favicon.png","width":512,"height":512,"caption":"Five Guys Enterprises, LLC"},"image":{"@id":"https:\/\/www.fiveguys.es\/ca\/#\/schema\/logo\/image\/"},"sameAs":["https:\/\/www.facebook.com\/fiveguys\/","https:\/\/x.com\/FiveGuys","https:\/\/open.spotify.com\/user\/xhjybu9z8yg6jucgxua7dhmqo","https:\/\/www.instagram.com\/fiveguys\/","https:\/\/www.linkedin.com\/company\/five-guys-enterprises","https:\/\/www.youtube.com\/channel\/UCnPsCURqHlcoRt-Vr7nEaEg"]}]}},"_links":{"self":[{"href":"https:\/\/www.fiveguys.es\/ca\/wp-json\/wp\/v2\/pages\/4341","targetHints":{"allow":["GET"]}}],"collection":[{"href":"https:\/\/www.fiveguys.es\/ca\/wp-json\/wp\/v2\/pages"}],"about":[{"href":"https:\/\/www.fiveguys.es\/ca\/wp-json\/wp\/v2\/types\/page"}],"author":[{"embeddable":true,"href":"https:\/\/www.fiveguys.es\/ca\/wp-json\/wp\/v2\/users\/2"}],"replies":[{"embeddable":true,"href":"https:\/\/www.fiveguys.es\/ca\/wp-json\/wp\/v2\/comments?post=4341"}],"version-history":[{"count":5,"href":"https:\/\/www.fiveguys.es\/ca\/wp-json\/wp\/v2\/pages\/4341\/revisions"}],"predecessor-version":[{"id":6230,"href":"https:\/\/www.fiveguys.es\/ca\/wp-json\/wp\/v2\/pages\/4341\/revisions\/6230"}],"wp:attachment":[{"href":"https:\/\/www.fiveguys.es\/ca\/wp-json\/wp\/v2\/media?parent=4341"}],"curies":[{"name":"wp","href":"https:\/\/api.w.org\/{rel}","templated":true}]}}