
{"id":4189,"date":"2025-05-06T11:13:18","date_gmt":"2025-05-06T09:13:18","guid":{"rendered":"https:\/\/staging.fiveguys.es\/targetes-regal\/"},"modified":"2026-05-05T12:19:54","modified_gmt":"2026-05-05T10:19:54","slug":"targetes-regal","status":"publish","type":"page","link":"https:\/\/www.fiveguys.es\/ca\/targetes-regal\/","title":{"rendered":"Targetes regal"},"content":{"rendered":"\n<header class=\"hero-media-banner hero-media-banner--media-overlay hero-media-banner--media-fit-cover hero-media-banner--media-align-center hero-media-banner--dark-grey section--has-paper-border\" data-random-border-width=\"98rem\" data-comname=\"hero-media-banner\"><div class=\"wrap wrap--wide\"><div class=\"l-media-banner\"><div class=\"l-media-banner-body\">\n<header class=\"hero-header section-header--limited\">\n<h1 class=\"wp-block-heading is-style-heading-shadow--dark-grey\">Give the<br>Gift of Flavor<\/h1>\n<\/header>\n\n\n\n<div class=\"hero-content\">\n<p>Five Guys is the gift that never disappoints. Give a Five Guys gift card to friends, family, coworkers, neighbors, or yourself. The opportunities are as endless as our topping combos.<\/p>\n\n\n\n<div class=\"wp-block-buttons is-layout-flex wp-block-buttons-is-layout-flex\">\n<div class=\"wp-block-button\"><a class=\"wp-block-button__link wp-element-button\" href=\"https:\/\/tarjetasregalo.fiveguys.es\/card-options\" target=\"_blank\" rel=\"noreferrer noopener\">Comprar ara<\/a><\/div>\n<\/div>\n<\/div>\n<\/div><\/div><\/div><div class=\"l-media-banner-bkg\"><div class=\"hero-media-banner-bkg\"><img loading=\"lazy\" decoding=\"async\" class=\"hero-media-banner-bkg-image--desktop wp-image wp-image-2404\" src=\"https:\/\/media.fiveguys.com\/us\/2025\/08\/gift-card-hero.jpg\" width=\"1800\" height=\"1463\" alt=\"\" srcset=\"https:\/\/www.fiveguys.es\/wp-content\/uploads\/sites\/35\/2025\/08\/gift-card-hero.jpg 1800w, https:\/\/www.fiveguys.es\/wp-content\/uploads\/sites\/35\/2025\/08\/gift-card-hero-300x244.jpg 300w, https:\/\/www.fiveguys.es\/wp-content\/uploads\/sites\/35\/2025\/08\/gift-card-hero-1024x832.jpg 1024w, https:\/\/www.fiveguys.es\/wp-content\/uploads\/sites\/35\/2025\/08\/gift-card-hero-768x624.jpg 768w, https:\/\/www.fiveguys.es\/wp-content\/uploads\/sites\/35\/2025\/08\/gift-card-hero-1536x1248.jpg 1536w\" sizes=\"auto, (max-width: 1800px) 100vw, 1800px\" \/><\/div><\/div><button type=\"button\" class=\"hero-button-down\"><svg fill=\"none\" height=\"56\" viewBox=\"0 0 56 56\" width=\"56\" xmlns=\"http:\/\/www.w3.org\/2000\/svg\"><circle cx=\"28\" cy=\"28\" fill=\"#d21033\" r=\"28\"><\/circle><g fill=\"#fff\"><path d=\"m37.4376 18.379c-.4833-.5053-1.2668-.5053-1.7501 0l-7.7873 8.1415-7.7876-8.1415c-.4833-.5053-1.2668-.5053-1.7501 0s-.4833 1.3243 0 1.8296l8.6625 9.0563c.2416.2525.5584.3788.8752.3788s.6333-.1263.8749-.3788l8.6625-9.0563c.4833-.5053.4833-1.3243 0-1.8296z\"><\/path><path d=\"m37.4376 29.379c-.4833-.5053-1.2668-.5053-1.7501 0l-7.7873 8.1415-7.7876-8.1415c-.4833-.5053-1.2668-.5053-1.7501 0s-.4833 1.3243 0 1.8296l8.6625 9.0563c.2416.2525.5584.3788.8752.3788s.6333-.1263.8749-.3788l8.6625-9.0563c.4833-.5053.4833-1.3243 0-1.8296z\"><\/path><\/g><\/svg><span class=\"vh\">Scroll Down<\/span><\/button><\/header>\n\n\n\n<section class=\"section section--content section--medium is-header-disabled is-footer-disabled color-option-1\" data-random-border-width=\"98rem\" data-comname=\"section-content\"><div class=\"wrap wrap--normal\">\n<header class=\"section-header section-header--limited\">\n<h2 class=\"wp-block-heading\"><\/h2>\n<\/header>\n\n\n\n<div class=\"content-stack\">\n<h2 class=\"wp-block-heading has-text-align-center is-style-heading--divider\">Targetes regal per a cada ocasi\u00f3<\/h2>\n\n\n\n<p class=\"has-text-align-center is-style-p-lead\">Els nostres dissenys de targetes regal<\/p>\n<\/div>\n\n\n\n<footer class=\"section-footer section-header--limited\">\n<p><\/p>\n<\/footer>\n<\/div><\/section>\n\n\n    <section class=\"js-auto-width-slider splide gift-card-slider wp-block-five-guys-blocks-gift-cards-slider\" data-comname=\"gift-cards-slider\">\n        <div class=\"splide__track\">\n            <ul class=\"splide__list\">\n                                                            <li class=\"splide__slide\">\n                            <div class=\"gift-card-wrap\">\n                                <img loading=\"lazy\" decoding=\"async\" \n                                    src=\"https:\/\/www.fiveguys.es\/wp-content\/uploads\/sites\/35\/2025\/09\/wsi61.jpg\"\n                                    width=\"271\"\n                                    height=\"203\"\n                                    alt=\"Gift Card\"\n                                >\n                            <\/div>\n                        <\/li>\n                                                                                <li class=\"splide__slide\">\n                            <div class=\"gift-card-wrap\">\n                                <img loading=\"lazy\" decoding=\"async\" \n                                    src=\"https:\/\/www.fiveguys.es\/wp-content\/uploads\/sites\/35\/2025\/09\/wsi1.jpg\"\n                                    width=\"305\"\n                                    height=\"203\"\n                                    alt=\"Gift Card\"\n                                >\n                            <\/div>\n                        <\/li>\n                                                                                <li class=\"splide__slide\">\n                            <div class=\"gift-card-wrap\">\n                                <img loading=\"lazy\" decoding=\"async\" \n                                    src=\"https:\/\/www.fiveguys.es\/wp-content\/uploads\/sites\/35\/2025\/09\/wsi2.jpg\"\n                                    width=\"305\"\n                                    height=\"203\"\n                                    alt=\"Gift Card\"\n                                >\n                            <\/div>\n                        <\/li>\n                                                                                <li class=\"splide__slide\">\n                            <div class=\"gift-card-wrap\">\n                                <img loading=\"lazy\" decoding=\"async\" \n                                    src=\"https:\/\/www.fiveguys.es\/wp-content\/uploads\/sites\/35\/2025\/09\/wsi3.jpg\"\n                                    width=\"305\"\n                                    height=\"203\"\n                                    alt=\"Gift Card\"\n                                >\n                            <\/div>\n                        <\/li>\n                                                                                <li class=\"splide__slide\">\n                            <div class=\"gift-card-wrap\">\n                                <img loading=\"lazy\" decoding=\"async\" \n                                    src=\"https:\/\/www.fiveguys.es\/wp-content\/uploads\/sites\/35\/2025\/09\/wsi4.jpg\"\n                                    width=\"278\"\n                                    height=\"203\"\n                                    alt=\"Gift Card\"\n                                >\n                            <\/div>\n                        <\/li>\n                                                <\/ul>\n        <\/div>\n    <\/section>\n\n\n\n<section class=\"section section--content section--medium color-option-1\" data-random-border-width=\"98rem\" data-comname=\"section-content\"><div class=\"wrap wrap--limited\">\n<header class=\"section-header section-header--limited\">\n<h3 class=\"wp-block-heading\">Preguntes freq\u00fcents sobre les targetes regal<\/h3>\n<\/header>\n\n\n\n<div class=\"content-stack\">\n<div class=\"faqs-by-category-block wp-block-five-guys-blocks-faqs-by-category\">\n            <div class=\"js-accordion accordion-block\"\n            role=\"group\"\n            aria-label=\"Targeta regal, Frequently Asked Questions.\">\n                                            \n                <h3 class=\"accordion-title\">\n                    <button type=\"button\">Com rebo la meva targeta regal digital despr\u00e9s de comprar?<\/button>\n                <\/h3>\n                \n                <div class=\"accordion-content\">\n                    <div class=\"content-stack\">\n                                                    Un cop fet el pagament, rebr\u00e0s un correu electr\u00f2nic de confirmaci\u00f3 sobre la teva comanda i la targeta regal digital s&#8217;enviar\u00e0 per correu electr\u00f2nic a l\u2018adre\u00e7a que hagis indicat a l\u2019hora de fer el pagament (el dia de la comanda o la data seleccionada).\n\nEl correu electr\u00f2nic de la targeta regal digital inclour\u00e0 una c\u00f2pia digital de la targeta regal, un codi QR, el n\u00famero i n\u00famero de pin.                                            <\/div>\n                <\/div>\n                \n                                            \n                <h3 class=\"accordion-title\">\n                    <button type=\"button\">Qu\u00e8 passa si no he rebut la meva targeta regal?<\/button>\n                <\/h3>\n                \n                <div class=\"accordion-content\">\n                    <div class=\"content-stack\">\n                                                    Si no has rebut un correu electr\u00f2nic amb teva targeta regal digital, consulta la carpeta de correu brossa tant del comprador com del destinatari.\n\nSi creus que l&#8217;adre\u00e7a de correu electr\u00f2nic del destinatari s&#8217;ha introdu\u00eft incorrectament, envia\u2019ns un missatge a la nostra p\u00e0gina \u201cInformaci\u00f3 sobre targetes regal\u201d perqu\u00e8 puguem solucionar-ho.                                            <\/div>\n                <\/div>\n                \n                                            \n                <h3 class=\"accordion-title\">\n                    <button type=\"button\">Cal activar les targetes regal?<\/button>\n                <\/h3>\n                \n                <div class=\"accordion-content\">\n                    <div class=\"content-stack\">\n                                                    No, no cal activar la teva targeta f\u00edsica o digital, la pots utilitzar immediatament.                                            <\/div>\n                <\/div>\n                \n                                            \n                <h3 class=\"accordion-title\">\n                    <button type=\"button\">On puc gastar la meva targeta regal?<\/button>\n                <\/h3>\n                \n                <div class=\"accordion-content\">\n                    <div class=\"content-stack\">\n                                                    Les targetes regals normals i digitals es poden bescanviar per a compres en qualsevol de nostres restaurants a Espanya. Nom\u00e9s es poden utilitzar per a la compra d&#8217;articles de menjar i beguda al men\u00fa de Five Guys.\n\nLes targetes regal i les targetes regal digitals no es poden utilitzar a les comandes Click &amp; Collect o de lliurament a la vorera a la nostra aplicaci\u00f3 i al lloc web. No es poden utilitzar per a compres fetes mitjan\u00e7ant els nostres socis de repartiment.                                            <\/div>\n                <\/div>\n                \n                                            \n                <h3 class=\"accordion-title\">\n                    <button type=\"button\">Com puc comprovar el saldo de la meva targeta regal?<\/button>\n                <\/h3>\n                \n                <div class=\"accordion-content\">\n                    <div class=\"content-stack\">\n                                                    Hi ha diverses maneres de comprovar el saldo de les targetes regal normals i digitals.\n\nPresentant la targeta regal o indicant el n\u00famero a la caixa als nostres restaurants d\u2019Espanya.\nEnviant un missatge a la nostra p\u00e0gina de contacte a \u201cInformaci\u00f3 de targetes regal\u201d, juntament amb les dades corresponents. Un membre del nostre equip respondr\u00e0 el m\u00e9s aviat possible.\n\nNOM\u00c9S TARGETES REGAL DIGITALS: Consulta en l\u00ednia el saldo introduint les dades de la teva targeta a la p\u00e0gina de comprovaci\u00f3 de saldo.                                            <\/div>\n                <\/div>\n                \n                                            \n                <h3 class=\"accordion-title\">\n                    <button type=\"button\">Qu\u00e8 passa si la meva targeta regal no funciona al restaurant?<\/button>\n                <\/h3>\n                \n                <div class=\"accordion-content\">\n                    <div class=\"content-stack\">\n                                                    Si has tingut algun problema a l\u2019hora de bescanviar la teva targeta regal normal o digital, posa\u2019t en contacte amb nosaltres a la p\u00e0gina de contacte sota \u201cInformaci\u00f3 de targetes regal\u201d per trobar una soluci\u00f3.                                            <\/div>\n                <\/div>\n                \n                                            \n                <h3 class=\"accordion-title\">\n                    <button type=\"button\">I si he perdut la meva targeta regal?<\/button>\n                <\/h3>\n                \n                <div class=\"accordion-content\">\n                    <div class=\"content-stack\">\n                                                    Si una targeta regal normal o digital presenta algun problema de lectura, s\u2019ha eliminat, ha estat perduda, robada, s\u2019ha fet malb\u00e9 o s\u2019ha usat sense perm\u00eds, Five Guys no se\u2019n fa responsable. No podem substituir aquestes targetes regal.                                            <\/div>\n                <\/div>\n                \n                                            \n                <h3 class=\"accordion-title\">\n                    <button type=\"button\">Puc comprar targetes regal en lots?<\/button>\n                <\/h3>\n                \n                <div class=\"accordion-content\">\n                    <div class=\"content-stack\">\n                                                    Pots demanar fins a 5 targetes regal digitals des de la nostra web. Al restaurant dependr\u00e0 de l&#8217;estoc disponible.                                            <\/div>\n                <\/div>\n                \n                    <\/div>\n    <\/div>\n\n<\/div>\n\n\n\n<footer class=\"section-footer section-header--limited\">\n<div class=\"wp-block-buttons is-content-justification-center is-layout-flex wp-container-core-buttons-is-layout-16018d1d wp-block-buttons-is-layout-flex\">\n<div class=\"wp-block-button is-style-outline is-style-outline--1\"><a class=\"wp-block-button__link wp-element-button\" href=\"https:\/\/fiveguys.es\/ca\/centre-de-suport\/preguntes-frequents\/\">VEURE TOTES LES PREGUNTES FREQ\u00dcENTS<\/a><\/div>\n<\/div>\n<\/footer>\n<\/div><\/section>\n\n\n\n<section class=\"section section--column-page-cards color-option-1\" data-random-border-width=\"98rem\" data-comname=\"section-callout-card-columns\"><div class=\"wrap wrap--normal\">\n<div class=\"l-columns l-columns--2 l-columns--gap-normal l-columns--align-normal\">\n<div class=\"l-column-item\">\n<div class=\"card-page-callout\"><div class=\"card-page-callout-content\">\n<h2 class=\"wp-block-heading\">Darrere del menjar<\/h2>\n\n\n\n<p>Des dels ingredients fins al met\u00f2dic proc\u00e9s de preparaci\u00f3 que apliquem, descobreix els secrets que hi ha al darrere de la m\u00e0gia de Five Guys.<\/p>\n\n\n\n<div class=\"wp-block-buttons is-layout-flex wp-block-buttons-is-layout-flex\">\n<div class=\"wp-block-button\"><a class=\"wp-block-button__link wp-element-button\" href=\"https:\/\/www.fiveguys.es\/ca\/sobre-el-nostre-menjar\/\">Sobre el nostre menjar<\/a><\/div>\n<\/div>\n<\/div><div class=\"card-page-callout-thumb\"><img loading=\"lazy\" decoding=\"async\" class=\"wp-image wp-image-6189\" src=\"https:\/\/www.fiveguys.es\/wp-content\/uploads\/sites\/35\/2026\/05\/Featured-image-scaled-2.jpg\" width=\"2560\" height=\"2391\" alt=\"\" srcset=\"https:\/\/www.fiveguys.es\/wp-content\/uploads\/sites\/35\/2026\/05\/Featured-image-scaled-2.jpg 2560w, https:\/\/www.fiveguys.es\/wp-content\/uploads\/sites\/35\/2026\/05\/Featured-image-scaled-2-300x280.jpg 300w, https:\/\/www.fiveguys.es\/wp-content\/uploads\/sites\/35\/2026\/05\/Featured-image-scaled-2-1024x956.jpg 1024w, https:\/\/www.fiveguys.es\/wp-content\/uploads\/sites\/35\/2026\/05\/Featured-image-scaled-2-768x717.jpg 768w, https:\/\/www.fiveguys.es\/wp-content\/uploads\/sites\/35\/2026\/05\/Featured-image-scaled-2-1536x1435.jpg 1536w, https:\/\/www.fiveguys.es\/wp-content\/uploads\/sites\/35\/2026\/05\/Featured-image-scaled-2-2048x1913.jpg 2048w\" sizes=\"auto, (max-width: 2560px) 100vw, 2560px\" \/><\/div><\/div>\n<\/div>\n\n\n\n<div class=\"l-column-item\">\n<div class=\"card-page-callout\"><div class=\"card-page-callout-content\">\n<h2 class=\"wp-block-heading\">La hist\u00f2ria de Five Guys<\/h2>\n\n\n\n<p>Des de 1986 treballem sense descans per refinar l&#8217;artesania de les hamburgueses i patates fregides. Coneix la hist\u00f2ria darrere de Five Guys<\/p>\n\n\n\n<div class=\"wp-block-buttons is-layout-flex wp-block-buttons-is-layout-flex\">\n<div class=\"wp-block-button\"><a class=\"wp-block-button__link wp-element-button\" href=\"https:\/\/www.fiveguys.es\/our-story\/\">La nostra hist\u00f2ria<\/a><\/div>\n<\/div>\n<\/div><div class=\"card-page-callout-thumb\"><img loading=\"lazy\" decoding=\"async\" class=\"wp-image wp-image-1835\" src=\"https:\/\/www.fiveguys.es\/wp-content\/uploads\/sites\/35\/2025\/07\/06-FGsStory.jpg\" width=\"585\" height=\"400\" alt=\"\" srcset=\"https:\/\/www.fiveguys.es\/wp-content\/uploads\/sites\/35\/2025\/07\/06-FGsStory.jpg 585w, https:\/\/www.fiveguys.es\/wp-content\/uploads\/sites\/35\/2025\/07\/06-FGsStory-300x205.jpg 300w, https:\/\/www.fiveguys.es\/wp-content\/uploads\/sites\/35\/2025\/07\/06-FGsStory-18x12.jpg 18w\" sizes=\"auto, (max-width: 585px) 100vw, 585px\" \/><\/div><\/div>\n<\/div>\n<\/div>\n<\/div><\/section>\n","protected":false},"excerpt":{"rendered":"","protected":false},"author":2,"featured_media":0,"parent":0,"menu_order":53,"comment_status":"closed","ping_status":"closed","template":"","meta":{"_acf_changed":false,"footnotes":"","_wp_rev_ctl_limit":""},"class_list":["post-4189","page","type-page","status-publish","hentry"],"acf":[],"yoast_head":"<!-- This site is optimized with the Yoast SEO plugin v27.5 - https:\/\/yoast.com\/product\/yoast-seo-wordpress\/ -->\n<title>Targetes regal | Five Guys<\/title>\n<meta name=\"robots\" content=\"index, follow, max-snippet:-1, max-image-preview:large, max-video-preview:-1\" \/>\n<link rel=\"canonical\" href=\"https:\/\/www.fiveguys.es\/ca\/targetes-regal\/\" \/>\n<meta property=\"og:locale\" content=\"ca_ES\" \/>\n<meta property=\"og:type\" content=\"article\" \/>\n<meta property=\"og:title\" content=\"Targetes regal | Five Guys\" \/>\n<meta property=\"og:url\" content=\"https:\/\/www.fiveguys.es\/ca\/targetes-regal\/\" \/>\n<meta property=\"og:site_name\" content=\"Five Guys\" \/>\n<meta property=\"article:publisher\" content=\"https:\/\/www.facebook.com\/fiveguys\/\" \/>\n<meta property=\"article:modified_time\" content=\"2026-05-05T10:19:54+00:00\" \/>\n<meta property=\"og:image\" content=\"https:\/\/www.fiveguys.es\/wp-content\/uploads\/sites\/35\/2025\/08\/gift-card-hero.jpg\" \/>\n\t<meta property=\"og:image:width\" content=\"1800\" \/>\n\t<meta property=\"og:image:height\" content=\"1463\" \/>\n\t<meta property=\"og:image:type\" content=\"image\/jpeg\" \/>\n<meta name=\"twitter:card\" content=\"summary_large_image\" \/>\n<meta name=\"twitter:site\" content=\"@FiveGuys\" \/>\n<meta name=\"twitter:label1\" content=\"Est. reading time\" \/>\n\t<meta name=\"twitter:data1\" content=\"1 minute\" \/>\n<script type=\"application\/ld+json\" class=\"yoast-schema-graph\">{\"@context\":\"https:\\\/\\\/schema.org\",\"@graph\":[{\"@type\":\"WebPage\",\"@id\":\"https:\\\/\\\/www.fiveguys.es\\\/ca\\\/targetes-regal\\\/\",\"url\":\"https:\\\/\\\/www.fiveguys.es\\\/ca\\\/targetes-regal\\\/\",\"name\":\"Targetes regal | Five Guys\",\"isPartOf\":{\"@id\":\"https:\\\/\\\/www.fiveguys.es\\\/ca\\\/#website\"},\"primaryImageOfPage\":{\"@id\":\"https:\\\/\\\/www.fiveguys.es\\\/ca\\\/targetes-regal\\\/#primaryimage\"},\"image\":{\"@id\":\"https:\\\/\\\/www.fiveguys.es\\\/ca\\\/targetes-regal\\\/#primaryimage\"},\"thumbnailUrl\":\"https:\\\/\\\/media.fiveguys.com\\\/us\\\/2025\\\/08\\\/gift-card-hero.jpg\",\"datePublished\":\"2025-05-06T09:13:18+00:00\",\"dateModified\":\"2026-05-05T10:19:54+00:00\",\"breadcrumb\":{\"@id\":\"https:\\\/\\\/www.fiveguys.es\\\/ca\\\/targetes-regal\\\/#breadcrumb\"},\"inLanguage\":\"ca-ES\",\"potentialAction\":[{\"@type\":\"ReadAction\",\"target\":[\"https:\\\/\\\/www.fiveguys.es\\\/ca\\\/targetes-regal\\\/\"]}]},{\"@type\":\"ImageObject\",\"inLanguage\":\"ca-ES\",\"@id\":\"https:\\\/\\\/www.fiveguys.es\\\/ca\\\/targetes-regal\\\/#primaryimage\",\"url\":\"https:\\\/\\\/media.fiveguys.com\\\/us\\\/2025\\\/08\\\/gift-card-hero.jpg\",\"contentUrl\":\"https:\\\/\\\/media.fiveguys.com\\\/us\\\/2025\\\/08\\\/gift-card-hero.jpg\"},{\"@type\":\"BreadcrumbList\",\"@id\":\"https:\\\/\\\/www.fiveguys.es\\\/ca\\\/targetes-regal\\\/#breadcrumb\",\"itemListElement\":[{\"@type\":\"ListItem\",\"position\":1,\"name\":\"Home\",\"item\":\"https:\\\/\\\/www.fiveguys.es\\\/ca\\\/\"},{\"@type\":\"ListItem\",\"position\":2,\"name\":\"Targetes regal\"}]},{\"@type\":\"WebSite\",\"@id\":\"https:\\\/\\\/www.fiveguys.es\\\/ca\\\/#website\",\"url\":\"https:\\\/\\\/www.fiveguys.es\\\/ca\\\/\",\"name\":\"Five Guys\",\"description\":\"Fresh Burgers, Fries, Shakes &amp; More!\",\"publisher\":{\"@id\":\"https:\\\/\\\/www.fiveguys.es\\\/ca\\\/#organization\"},\"potentialAction\":[{\"@type\":\"SearchAction\",\"target\":{\"@type\":\"EntryPoint\",\"urlTemplate\":\"https:\\\/\\\/www.fiveguys.es\\\/ca\\\/?s={search_term_string}\"},\"query-input\":{\"@type\":\"PropertyValueSpecification\",\"valueRequired\":true,\"valueName\":\"search_term_string\"}}],\"inLanguage\":\"ca-ES\"},{\"@type\":\"Organization\",\"@id\":\"https:\\\/\\\/www.fiveguys.es\\\/ca\\\/#organization\",\"name\":\"Five Guys Enterprises, LLC\",\"alternateName\":\"Five Guys\",\"url\":\"https:\\\/\\\/www.fiveguys.es\\\/ca\\\/\",\"logo\":{\"@type\":\"ImageObject\",\"inLanguage\":\"ca-ES\",\"@id\":\"https:\\\/\\\/www.fiveguys.es\\\/ca\\\/#\\\/schema\\\/logo\\\/image\\\/\",\"url\":\"https:\\\/\\\/media.fiveguys.com\\\/us\\\/2024\\\/10\\\/favicon.png\",\"contentUrl\":\"https:\\\/\\\/media.fiveguys.com\\\/us\\\/2024\\\/10\\\/favicon.png\",\"width\":512,\"height\":512,\"caption\":\"Five Guys Enterprises, LLC\"},\"image\":{\"@id\":\"https:\\\/\\\/www.fiveguys.es\\\/ca\\\/#\\\/schema\\\/logo\\\/image\\\/\"},\"sameAs\":[\"https:\\\/\\\/www.facebook.com\\\/fiveguys\\\/\",\"https:\\\/\\\/x.com\\\/FiveGuys\",\"https:\\\/\\\/open.spotify.com\\\/user\\\/xhjybu9z8yg6jucgxua7dhmqo\",\"https:\\\/\\\/www.instagram.com\\\/fiveguys\\\/\",\"https:\\\/\\\/www.linkedin.com\\\/company\\\/five-guys-enterprises\",\"https:\\\/\\\/www.youtube.com\\\/channel\\\/UCnPsCURqHlcoRt-Vr7nEaEg\"]}]}<\/script>\n<!-- \/ Yoast SEO plugin. -->","yoast_head_json":{"title":"Targetes regal | Five Guys","robots":{"index":"index","follow":"follow","max-snippet":"max-snippet:-1","max-image-preview":"max-image-preview:large","max-video-preview":"max-video-preview:-1"},"canonical":"https:\/\/www.fiveguys.es\/ca\/targetes-regal\/","og_locale":"ca_ES","og_type":"article","og_title":"Targetes regal | Five Guys","og_url":"https:\/\/www.fiveguys.es\/ca\/targetes-regal\/","og_site_name":"Five Guys","article_publisher":"https:\/\/www.facebook.com\/fiveguys\/","article_modified_time":"2026-05-05T10:19:54+00:00","og_image":[{"width":1800,"height":1463,"url":"https:\/\/www.fiveguys.es\/wp-content\/uploads\/sites\/35\/2025\/08\/gift-card-hero.jpg","type":"image\/jpeg"}],"twitter_card":"summary_large_image","twitter_site":"@FiveGuys","twitter_misc":{"Est. reading time":"1 minute"},"schema":{"@context":"https:\/\/schema.org","@graph":[{"@type":"WebPage","@id":"https:\/\/www.fiveguys.es\/ca\/targetes-regal\/","url":"https:\/\/www.fiveguys.es\/ca\/targetes-regal\/","name":"Targetes regal | Five Guys","isPartOf":{"@id":"https:\/\/www.fiveguys.es\/ca\/#website"},"primaryImageOfPage":{"@id":"https:\/\/www.fiveguys.es\/ca\/targetes-regal\/#primaryimage"},"image":{"@id":"https:\/\/www.fiveguys.es\/ca\/targetes-regal\/#primaryimage"},"thumbnailUrl":"https:\/\/media.fiveguys.com\/us\/2025\/08\/gift-card-hero.jpg","datePublished":"2025-05-06T09:13:18+00:00","dateModified":"2026-05-05T10:19:54+00:00","breadcrumb":{"@id":"https:\/\/www.fiveguys.es\/ca\/targetes-regal\/#breadcrumb"},"inLanguage":"ca-ES","potentialAction":[{"@type":"ReadAction","target":["https:\/\/www.fiveguys.es\/ca\/targetes-regal\/"]}]},{"@type":"ImageObject","inLanguage":"ca-ES","@id":"https:\/\/www.fiveguys.es\/ca\/targetes-regal\/#primaryimage","url":"https:\/\/media.fiveguys.com\/us\/2025\/08\/gift-card-hero.jpg","contentUrl":"https:\/\/media.fiveguys.com\/us\/2025\/08\/gift-card-hero.jpg"},{"@type":"BreadcrumbList","@id":"https:\/\/www.fiveguys.es\/ca\/targetes-regal\/#breadcrumb","itemListElement":[{"@type":"ListItem","position":1,"name":"Home","item":"https:\/\/www.fiveguys.es\/ca\/"},{"@type":"ListItem","position":2,"name":"Targetes regal"}]},{"@type":"WebSite","@id":"https:\/\/www.fiveguys.es\/ca\/#website","url":"https:\/\/www.fiveguys.es\/ca\/","name":"Five Guys","description":"Fresh Burgers, Fries, Shakes &amp; More!","publisher":{"@id":"https:\/\/www.fiveguys.es\/ca\/#organization"},"potentialAction":[{"@type":"SearchAction","target":{"@type":"EntryPoint","urlTemplate":"https:\/\/www.fiveguys.es\/ca\/?s={search_term_string}"},"query-input":{"@type":"PropertyValueSpecification","valueRequired":true,"valueName":"search_term_string"}}],"inLanguage":"ca-ES"},{"@type":"Organization","@id":"https:\/\/www.fiveguys.es\/ca\/#organization","name":"Five Guys Enterprises, LLC","alternateName":"Five Guys","url":"https:\/\/www.fiveguys.es\/ca\/","logo":{"@type":"ImageObject","inLanguage":"ca-ES","@id":"https:\/\/www.fiveguys.es\/ca\/#\/schema\/logo\/image\/","url":"https:\/\/media.fiveguys.com\/us\/2024\/10\/favicon.png","contentUrl":"https:\/\/media.fiveguys.com\/us\/2024\/10\/favicon.png","width":512,"height":512,"caption":"Five Guys Enterprises, LLC"},"image":{"@id":"https:\/\/www.fiveguys.es\/ca\/#\/schema\/logo\/image\/"},"sameAs":["https:\/\/www.facebook.com\/fiveguys\/","https:\/\/x.com\/FiveGuys","https:\/\/open.spotify.com\/user\/xhjybu9z8yg6jucgxua7dhmqo","https:\/\/www.instagram.com\/fiveguys\/","https:\/\/www.linkedin.com\/company\/five-guys-enterprises","https:\/\/www.youtube.com\/channel\/UCnPsCURqHlcoRt-Vr7nEaEg"]}]}},"_links":{"self":[{"href":"https:\/\/www.fiveguys.es\/ca\/wp-json\/wp\/v2\/pages\/4189","targetHints":{"allow":["GET"]}}],"collection":[{"href":"https:\/\/www.fiveguys.es\/ca\/wp-json\/wp\/v2\/pages"}],"about":[{"href":"https:\/\/www.fiveguys.es\/ca\/wp-json\/wp\/v2\/types\/page"}],"author":[{"embeddable":true,"href":"https:\/\/www.fiveguys.es\/ca\/wp-json\/wp\/v2\/users\/2"}],"replies":[{"embeddable":true,"href":"https:\/\/www.fiveguys.es\/ca\/wp-json\/wp\/v2\/comments?post=4189"}],"version-history":[{"count":8,"href":"https:\/\/www.fiveguys.es\/ca\/wp-json\/wp\/v2\/pages\/4189\/revisions"}],"predecessor-version":[{"id":6223,"href":"https:\/\/www.fiveguys.es\/ca\/wp-json\/wp\/v2\/pages\/4189\/revisions\/6223"}],"wp:attachment":[{"href":"https:\/\/www.fiveguys.es\/ca\/wp-json\/wp\/v2\/media?parent=4189"}],"curies":[{"name":"wp","href":"https:\/\/api.w.org\/{rel}","templated":true}]}}