
{"id":4112,"date":"2025-10-06T16:28:29","date_gmt":"2025-10-06T14:28:29","guid":{"rendered":"https:\/\/staging.fiveguys.es\/politica-de-galetes\/"},"modified":"2026-03-18T18:54:18","modified_gmt":"2026-03-18T17:54:18","slug":"politica-de-galetes","status":"publish","type":"page","link":"https:\/\/www.fiveguys.es\/ca\/politica-de-galetes\/","title":{"rendered":"Pol\u00edtica de galetes"},"content":{"rendered":"\n<div class=\"hero-page-banner-block minimal wp-block-five-guys-blocks-hero-page-banner\" data-comname=\"hero-page-banner\">\n    <header \n        class=\"hero-page-banner section--has-paper-border\"\n        style=\"background-image: url(https:\/\/www.fiveguys.es\/wp-content\/themes\/five-guys\/assets\/img\/backgrounds\/hero-bkg-pattern.jpg); background-size: cover; background-position: center;\"\n        data-featured-image=\"\"\n        data-random-border-width=\"98rem\"\n    >\n        <div class=\"wrap wrap--wide\">\n                            <h1>Cookie Policy<\/h1>\n                        \n                    <\/div>\n    <\/header>\n<\/div>\n\n<section class=\"section section--content section--medium is-header-disabled is-footer-disabled color-option-1\" data-random-border-width=\"98rem\" data-comname=\"section-content\"><div class=\"wrap wrap--normal\">\n<header class=\"section-header section-header--limited\">\n<h2 class=\"wp-block-heading\"><\/h2>\n<\/header>\n\n\n\n<div class=\"content-stack\">\n<h4 class=\"wp-block-heading\"><strong>1. Qu\u00e8 s\u00f3n les galetes?<\/strong><\/h4>\n\n\n\n<p>Les galetes s\u00f3n petits arxius de text enviats al teu dispositiu pel lloc web que est\u00e0s visitant (el terme &#8220;dispositiu&#8221; es refereix a un ordinador personal, PC, tauleta, tel\u00e8fon m\u00f2bil, o qualsevol altre dispositiu a trav\u00e9s del qual puguis accedir al Lloc web) (&#8220;<strong>Galetes<\/strong>&#8220;). Les galetes s&#8217;emmagatzemen al disc dur de l\u2019ordinador, i permeten que el Lloc web et reconegui i emmagatzemi determinada informaci\u00f3 sobre tu amb la finalitat d&#8217;habilitar o millorar el servei ofert.<\/p>\n\n\n\n<h4 class=\"wp-block-heading\"><strong>2. Tipus de galetes<\/strong><\/h4>\n\n\n\n<p>Hi ha diferents tipus de galetes, depenent de l\u2019entitat que les gestioni, el temps que romanguin actives i la seva finalitat. \u00c9s important tenir en compte que una mateixa galeta pot ser inclosa en m\u00e9s d&#8217;una categoria.<\/p>\n\n\n\n<p><strong>a. Segons l\u2019entitat que gestioni l\u2019equip des del qual s\u2019envien les galetes i tracti les dades obtingudes,<\/strong> podem distingir entre galetes pr\u00f2pies (les que s\u2019envien al teu dispositiu des d\u2019un equip o domini gestionat pel propi editor i des del qual es presta el servei que has sol\u00b7licitat) i galetes de tercers (les que s\u2019envien al teu equip des d\u2019un equip o domini que no gestiona el propi editor i des del qual es presta el servei que has sol\u00b7licitat).<\/p>\n\n\n\n<p><strong>b. Segons el temps que romanen actives en el dispositiu,<\/strong> podem distingir entre galetes de sessi\u00f3 (galetes dissenyades per recollir i emmagatzemar dades mentre accedeixes a un lloc web) i galetes persistents (galetes on les dades segueixen emmagatzemades al dispositiu i a les quals \u00e9s possible accedir i tractar durant un per\u00edode definit pel responsable de la galeta, que pot anar d\u2019uns minuts a diversos anys).<\/p>\n\n\n\n<p><strong>c. Segons la finalitat per a la qual es tractin les dades obtingudes a trav\u00e9s de les galetes,<\/strong> es pot fer una distinci\u00f3 entre galetes t\u00e8cniques (les que permeten la navegaci\u00f3 per un lloc web, plataforma o aplicaci\u00f3 i la utilitzaci\u00f3 de les diferents opcions o serveis que hi existeixen, per exemple recordant els elements que cont\u00e9 una comanda), galetes de personalitzaci\u00f3 (les que permeten accedir al servei amb algunes caracter\u00edstiques de car\u00e0cter general predefinides en funci\u00f3 d\u2019una s\u00e8rie de criteris en el dispositiu, per exemple l\u2019idioma), galetes d\u2019an\u00e0lisi (les que permeten al seu responsable el seguiment i an\u00e0lisi del teu comportament en els llocs web a qu\u00e8 estan vinculades). La informaci\u00f3 recollida mitjan\u00e7ant l\u2019\u00fas d\u2019aquest tipus de galetes s\u2019utilitza per a mesurar l\u2019activitat dels llocs web, aplicaci\u00f3 o plataforma i per crear perfils de navegaci\u00f3 dels usuaris d\u2019aquests llocs, aplicacions i plataformes, amb la finalitat d\u2019introduir millores en funci\u00f3 de l\u2019an\u00e0lisi de les dades d\u2019\u00fas que fan els usuaris del servei, galetes publicit\u00e0ries (permetre la gesti\u00f3 d\u2019espais publicitaris que, si escau, l\u2019editor ha incl\u00f2s en el seu lloc web) i galetes publicit\u00e0ries de comportament (les que permeten la gesti\u00f3 d\u2019espais publicitaris i emmagatzemen informaci\u00f3 del teu comportament obtinguda a trav\u00e9s de l\u2019observaci\u00f3 continuada dels teus h\u00e0bits de navegaci\u00f3, la qual cosa permet desenvolupar un perfil espec\u00edfic per a mostrar publicitat.<\/p>\n\n\n\n<h4 class=\"wp-block-heading\"><strong>3. \u00das de galetes en aquest Lloc web<\/strong><\/h4>\n\n\n\n<p>Les galetes s\u00f3n una part essencial de com funciona el lloc web ubicat a la URL www.fiveguys.es (en endavant, el &#8220;Lloc web&#8221;). La finalitat principal de les nostres galetes \u00e9s millorar la teva experi\u00e8ncia de navegaci\u00f3. Per exemple, recordar prefer\u00e8ncies (idioma, pa\u00eds, etc.) durant la navegaci\u00f3 i en futures visites. La informaci\u00f3 recollida a les galetes tamb\u00e9 ens permet millorar el Lloc web, mitjan\u00e7ant estimacions de n\u00fameros i patrons d\u2019\u00fas, adaptaci\u00f3 del Lloc web als teus interessos individuals, agilitzar les cerques, etc. De tant en tant, si hem obtingut un consentiment informat previ, podem utilitzar galetes per obtenir informaci\u00f3 que ens permeti mostrar-te des del nostre Lloc web, els de tercers, o qualsevol altre mitj\u00e0 publicitat basada en l\u2019an\u00e0lisi dels teus h\u00e0bits de navegaci\u00f3. Five Guys Spain, SLU (&#8220;Five Guys&#8221;) tamb\u00e9 utilitza galetes amb finalitats d&#8217;administraci\u00f3 de sistemes i per a oferir visites personalitzades al Lloc web. El Lloc web pot contenir enlla\u00e7os a altres llocs web.<\/p>\n\n\n\n<p>El Lloc web utilitza galetes que no executen cap programa dins el teu dispositiu ni carreguen virus, per la qual cosa no s\u2019exerceix cap control sobre el dispositiu. Five Guys no utilitza galetes per a accedir a la informaci\u00f3 del teu dispositiu, emmagatzemar-hi dades o supervisar-ne l&#8217;activitat.<\/p>\n\n\n\n<p>Five Guys no t\u00e9 acc\u00e9s ni control sobre les galetes ni altres tecnologies de seguiment utilitzades en llocs web de tercers als quals podries accedir a trav\u00e9s del Lloc web, la disponibilitat de continguts i materials publicats o obtinguts a trav\u00e9s d\u2019aquests llocs web o els m\u00e8todes de tractament de dades personals relacionades; en conseq\u00fc\u00e8ncia, Five Guys declina expressament qualsevol responsabilitat derivada d\u2019aquestes accions.<\/p>\n\n\n\n<p>Cal consultar la Pol\u00edtica de Galetes dels llocs web de tercers als quals accedeixes a trav\u00e9s del Lloc web per con\u00e8ixer les condicions aplicables al tractament de les galetes, ja que la nostra Pol\u00edtica de Galetes s\u2019aplica \u00fanicament al Lloc web tal com s\u2019ha determinat anteriorment.<\/p>\n\n\n\n<p>En utilitzar aquest Lloc web, acceptes expressament el tractament de la informaci\u00f3 recollida en la forma i per a les finalitats esmentades anteriorment. Tamb\u00e9 acceptes que pots rebutjar el tractament d\u2019aquestes dades o informaci\u00f3 refusant l\u2019\u00fas de galetes durant la selecci\u00f3 de la configuraci\u00f3 adient del teu navegador. No obstant aix\u00f2, aquesta opci\u00f3 bloqueja les galetes al teu navegador i aix\u00f2 pot fer que no puguis utilitzar plenament totes les caracter\u00edstiques del Lloc web.<\/p>\n\n\n\n<h4 class=\"wp-block-heading\"><strong>4. Galetes utilitzades pel Lloc web i la seva finalitat<\/strong><\/h4>\n\n\n\n<p>Tot seguit es mostra una taula on s\u2019indiquen les galetes utilitzades pel Lloc web junt amb la finalitat de cadascuna:<\/p>\n\n\n\n<p><strong>PHPSESSID<\/strong><br\/>galeta est\u00e0ndard PHP per a controlar el manteniment de la sessi\u00f3 i confirmar, en cas d\u2019actuaci\u00f3, que l\u2019usuari ha iniciat sessi\u00f3 correctament.<\/p>\n\n\n\n<p><strong>ga: Google Analytics<\/strong><br\/>Lliurament d \u0301anuncis, an\u00e0lisi\/medici\u00f3, optimitzaci\u00f3<\/p>\n\n\n\n<p><strong>moneda<\/strong><br\/>Galeta que emmagatzema la prefer\u00e8ncia de l&#8217;usuari pel que fa a la moneda utilitzada<\/p>\n\n\n\n<p><strong>idioma<\/strong><br\/>Galeta que emmagatzema l\u2019idioma triat per l\u2019usuari<\/p>\n\n\n\n<p><strong>default_store_id<\/strong><br\/>Primera visita a la botiga del lloc web<\/p>\n\n\n\n<p><strong>last_order_id<\/strong><br\/>Galeta que emmagatzema les prefer\u00e8ncies de la comanda que es fa per a la seva modificaci\u00f3<\/p>\n\n\n\n<p><strong>eu_cookie_ack<\/strong><br\/>Galeta que emmagatzema l&#8217;acceptaci\u00f3 per part de l&#8217;usuari de la Pol\u00edtica de Galetes<\/p>\n\n\n\n<p><strong>kekoo_mode<\/strong><br\/>Galeta que indica el tipus de dispositiu que utilitza l\u2019usuari<\/p>\n\n\n\n<p>La informaci\u00f3 sobre les galetes utilitzades pel lloc web s\u2019actualitzar\u00e0 tant aviat com sigui possible a mida que canvi\u00efn els serveis oferts pel lloc web. No obstant aix\u00f2, i de tant en tant durant aquesta actualitzaci\u00f3, algunes galetes poden deixar d\u2019incloure\u2019s, encara que sempre seran galetes amb finalitats id\u00e8ntiques a les enumerades.<\/p>\n\n\n\n<h4 class=\"wp-block-heading\"><strong>5. Com puc evitar l\u2019\u00fas de galetes al lloc web?<\/strong><\/h4>\n\n\n\n<p>Per evitar l\u2019\u00fas de galetes en aquest lloc web, tenint en compte les limitacions que s\u2019hi estableixen, primer haur\u00e0s d\u2019inhabilitar l\u2019\u00fas de galetes al teu navegador i, despr\u00e9s, eliminar les galetes emmagatzemades al teu navegador associat a aquest lloc web. En accedir al lloc, acceptes l\u2019\u00fas de galetes per part de Five Guys per a les finalitats esmentades anteriorment. Pots retirar aquest consentiment en qualsevol moment.<\/p>\n\n\n\n<h4 class=\"wp-block-heading\"><strong>6. Com desactivar, bloquejar o eliminar les galetes.<\/strong><\/h4>\n\n\n\n<p>Pots permetre, bloquejar o eliminar les galetes instal\u00b7lades al teu equip directament a trav\u00e9s de l\u2019eina de consentiment de galetes, habilitada al Lloc web amb aquesta finalitat. Tamb\u00e9 pots desactivar, bloquejar o eliminar les galetes configurant les opcions del navegador instal\u00b7lat al teu ordinador:<\/p>\n\n\n\n<p><strong>Internet Explorer<\/strong>: Eines -&gt; Opcions d&#8217;Internet -&gt; Privacitat -&gt; Configuraci\u00f3. Per a m\u00e9s informaci\u00f3, pots consultar el suport de Microsoft o l&#8217;ajuda del teu navegador:<br\/><a href=\"http:\/\/windows.microsoft.com\/es-ES\/windows\/support\">http:\/\/windows.microsoft.com\/es-ES\/windows\/support<\/a><\/p>\n\n\n\n<p><strong>Firefox<\/strong>: Eines -&gt; Opcions -&gt; Privadesa -&gt; Historial -&gt; Configuraci\u00f3 personalitzada. Per a m\u00e9s informaci\u00f3, consulta el suport de Mozilla o l&#8217;ajuda del navegador:<br\/><a href=\"http:\/\/support.mozilla.org\/es\/home\">http:\/\/support.mozilla.org\/en-us\/home<\/a><\/p>\n\n\n\n<p><strong>Chrome<\/strong>: Configuraci\u00f3 -&gt; Mostra la configuraci\u00f3 avan\u00e7ada -&gt; Privadesa -&gt; Configuraci\u00f3 de continguts. Per a m\u00e9s informaci\u00f3, consulta el suport de Google o l&#8217;ajuda del navegador:<br\/><a href=\"http:\/\/support.google.com\/chrome\/?hl=es\">http:\/\/support.google.com\/chrome\/?hl=en<\/a><\/p>\n\n\n\n<p><strong>Safari<\/strong>: Prefer\u00e8ncies -&gt; Seguretat. Per a m\u00e9s informaci\u00f3, consulta el suport d\u2019Apple o l&#8217;ajuda del navegador:<br\/><a href=\"http:\/\/www.apple.com\/es\/support\/safari\">http:\/\/www.apple.com\/support\/safari<\/a><\/p>\n\n\n\n<p><strong>Edge<\/strong>: M\u00e9s -&gt; Configuraci\u00f3 -&gt; Configuraci\u00f3 avan\u00e7ada -&gt; Veure configuraci\u00f3 avan\u00e7ada -&gt; Privadesa i serveis -&gt; Galetes. Per a m\u00e9s informaci\u00f3, consulta el suport de Microsoft o l&#8217;ajuda del teu navegador:<br\/><a href=\"http:\/\/windows.microsoft.com\/es-es\/windows-10\/edge-privacy-faq\">http:\/\/windows.microsoft.com\/en-us\/windows-10\/edge-privacy-faq<\/a><\/p>\n\n\n\n<p>La desactivaci\u00f3 de les galetes pot limitar la teva capacitat d\u2019\u00fas del lloc web i impedir que puguis aprofitar totes les funcionalitats i serveis oferts al lloc web.<\/p>\n\n\n\n<h4 class=\"wp-block-heading\"><strong>7. Informaci\u00f3 addicional:<\/strong><\/h4>\n\n\n\n<p>Si tens qualsevol dubte sobre aquesta Pol\u00edtica de Galetes, pots posar-te en contacte amb nosaltres des de la secci\u00f3 de <a href=\"https:\/\/fiveguys.es\/contact\/\">Contacte<\/a> del Lloc web. Si desitges m\u00e9s informaci\u00f3 sobre aquest tema pel que fa a les galetes, accedeix als seg\u00fcents enlla\u00e7os:<\/p>\n\n\n\n<p><strong>Normativa aplicable a Europa:<\/strong><br\/><a href=\"http:\/\/ec.europa.eu\/justice\/data-protection\/article-29\/documentation\/opinion-recommendation\/files\/2012\/wp194_en.pdf\">http:\/\/ec.europa.eu\/justice\/data-protection\/article-29\/documentation\/opinion-recommendation\/files\/2012\/wp194_en.pdf<\/a><\/p>\n<\/div>\n\n\n\n<footer class=\"section-footer section-header--limited\">\n<p><\/p>\n<\/footer>\n<\/div><\/section>\n","protected":false},"excerpt":{"rendered":"","protected":false},"author":6,"featured_media":0,"parent":0,"menu_order":38,"comment_status":"closed","ping_status":"closed","template":"","meta":{"_acf_changed":false,"footnotes":"","_wp_rev_ctl_limit":""},"class_list":["post-4112","page","type-page","status-publish","hentry"],"acf":[],"yoast_head":"<!-- This site is optimized with the Yoast SEO plugin v27.5 - https:\/\/yoast.com\/product\/yoast-seo-wordpress\/ -->\n<title>Pol\u00edtica de galetes | Five Guys<\/title>\n<meta name=\"robots\" content=\"index, follow, max-snippet:-1, max-image-preview:large, max-video-preview:-1\" \/>\n<link rel=\"canonical\" href=\"https:\/\/www.fiveguys.es\/ca\/politica-de-galetes\/\" \/>\n<meta property=\"og:locale\" content=\"ca_ES\" \/>\n<meta property=\"og:type\" content=\"article\" \/>\n<meta property=\"og:title\" content=\"Pol\u00edtica de galetes | Five Guys\" \/>\n<meta property=\"og:url\" content=\"https:\/\/www.fiveguys.es\/ca\/politica-de-galetes\/\" \/>\n<meta property=\"og:site_name\" content=\"Five Guys\" \/>\n<meta property=\"article:publisher\" content=\"https:\/\/www.facebook.com\/fiveguys\/\" \/>\n<meta property=\"article:modified_time\" content=\"2026-03-18T17:54:18+00:00\" \/>\n<meta name=\"twitter:card\" content=\"summary_large_image\" \/>\n<meta name=\"twitter:site\" content=\"@FiveGuys\" \/>\n<meta name=\"twitter:label1\" content=\"Est. reading time\" \/>\n\t<meta name=\"twitter:data1\" content=\"8 minutes\" \/>\n<script type=\"application\/ld+json\" class=\"yoast-schema-graph\">{\"@context\":\"https:\\\/\\\/schema.org\",\"@graph\":[{\"@type\":\"WebPage\",\"@id\":\"https:\\\/\\\/www.fiveguys.es\\\/ca\\\/politica-de-galetes\\\/\",\"url\":\"https:\\\/\\\/www.fiveguys.es\\\/ca\\\/politica-de-galetes\\\/\",\"name\":\"Pol\u00edtica de galetes | Five Guys\",\"isPartOf\":{\"@id\":\"https:\\\/\\\/www.fiveguys.es\\\/ca\\\/#website\"},\"datePublished\":\"2025-10-06T14:28:29+00:00\",\"dateModified\":\"2026-03-18T17:54:18+00:00\",\"breadcrumb\":{\"@id\":\"https:\\\/\\\/www.fiveguys.es\\\/ca\\\/politica-de-galetes\\\/#breadcrumb\"},\"inLanguage\":\"ca-ES\",\"potentialAction\":[{\"@type\":\"ReadAction\",\"target\":[\"https:\\\/\\\/www.fiveguys.es\\\/ca\\\/politica-de-galetes\\\/\"]}]},{\"@type\":\"BreadcrumbList\",\"@id\":\"https:\\\/\\\/www.fiveguys.es\\\/ca\\\/politica-de-galetes\\\/#breadcrumb\",\"itemListElement\":[{\"@type\":\"ListItem\",\"position\":1,\"name\":\"Home\",\"item\":\"https:\\\/\\\/www.fiveguys.es\\\/ca\\\/\"},{\"@type\":\"ListItem\",\"position\":2,\"name\":\"Pol\u00edtica de galetes\"}]},{\"@type\":\"WebSite\",\"@id\":\"https:\\\/\\\/www.fiveguys.es\\\/ca\\\/#website\",\"url\":\"https:\\\/\\\/www.fiveguys.es\\\/ca\\\/\",\"name\":\"Five Guys\",\"description\":\"Fresh Burgers, Fries, Shakes &amp; More!\",\"publisher\":{\"@id\":\"https:\\\/\\\/www.fiveguys.es\\\/ca\\\/#organization\"},\"potentialAction\":[{\"@type\":\"SearchAction\",\"target\":{\"@type\":\"EntryPoint\",\"urlTemplate\":\"https:\\\/\\\/www.fiveguys.es\\\/ca\\\/?s={search_term_string}\"},\"query-input\":{\"@type\":\"PropertyValueSpecification\",\"valueRequired\":true,\"valueName\":\"search_term_string\"}}],\"inLanguage\":\"ca-ES\"},{\"@type\":\"Organization\",\"@id\":\"https:\\\/\\\/www.fiveguys.es\\\/ca\\\/#organization\",\"name\":\"Five Guys Enterprises, LLC\",\"alternateName\":\"Five Guys\",\"url\":\"https:\\\/\\\/www.fiveguys.es\\\/ca\\\/\",\"logo\":{\"@type\":\"ImageObject\",\"inLanguage\":\"ca-ES\",\"@id\":\"https:\\\/\\\/www.fiveguys.es\\\/ca\\\/#\\\/schema\\\/logo\\\/image\\\/\",\"url\":\"https:\\\/\\\/media.fiveguys.com\\\/us\\\/2024\\\/10\\\/favicon.png\",\"contentUrl\":\"https:\\\/\\\/media.fiveguys.com\\\/us\\\/2024\\\/10\\\/favicon.png\",\"width\":512,\"height\":512,\"caption\":\"Five Guys Enterprises, LLC\"},\"image\":{\"@id\":\"https:\\\/\\\/www.fiveguys.es\\\/ca\\\/#\\\/schema\\\/logo\\\/image\\\/\"},\"sameAs\":[\"https:\\\/\\\/www.facebook.com\\\/fiveguys\\\/\",\"https:\\\/\\\/x.com\\\/FiveGuys\",\"https:\\\/\\\/open.spotify.com\\\/user\\\/xhjybu9z8yg6jucgxua7dhmqo\",\"https:\\\/\\\/www.instagram.com\\\/fiveguys\\\/\",\"https:\\\/\\\/www.linkedin.com\\\/company\\\/five-guys-enterprises\",\"https:\\\/\\\/www.youtube.com\\\/channel\\\/UCnPsCURqHlcoRt-Vr7nEaEg\"]}]}<\/script>\n<!-- \/ Yoast SEO plugin. -->","yoast_head_json":{"title":"Pol\u00edtica de galetes | Five Guys","robots":{"index":"index","follow":"follow","max-snippet":"max-snippet:-1","max-image-preview":"max-image-preview:large","max-video-preview":"max-video-preview:-1"},"canonical":"https:\/\/www.fiveguys.es\/ca\/politica-de-galetes\/","og_locale":"ca_ES","og_type":"article","og_title":"Pol\u00edtica de galetes | Five Guys","og_url":"https:\/\/www.fiveguys.es\/ca\/politica-de-galetes\/","og_site_name":"Five Guys","article_publisher":"https:\/\/www.facebook.com\/fiveguys\/","article_modified_time":"2026-03-18T17:54:18+00:00","twitter_card":"summary_large_image","twitter_site":"@FiveGuys","twitter_misc":{"Est. reading time":"8 minutes"},"schema":{"@context":"https:\/\/schema.org","@graph":[{"@type":"WebPage","@id":"https:\/\/www.fiveguys.es\/ca\/politica-de-galetes\/","url":"https:\/\/www.fiveguys.es\/ca\/politica-de-galetes\/","name":"Pol\u00edtica de galetes | Five Guys","isPartOf":{"@id":"https:\/\/www.fiveguys.es\/ca\/#website"},"datePublished":"2025-10-06T14:28:29+00:00","dateModified":"2026-03-18T17:54:18+00:00","breadcrumb":{"@id":"https:\/\/www.fiveguys.es\/ca\/politica-de-galetes\/#breadcrumb"},"inLanguage":"ca-ES","potentialAction":[{"@type":"ReadAction","target":["https:\/\/www.fiveguys.es\/ca\/politica-de-galetes\/"]}]},{"@type":"BreadcrumbList","@id":"https:\/\/www.fiveguys.es\/ca\/politica-de-galetes\/#breadcrumb","itemListElement":[{"@type":"ListItem","position":1,"name":"Home","item":"https:\/\/www.fiveguys.es\/ca\/"},{"@type":"ListItem","position":2,"name":"Pol\u00edtica de galetes"}]},{"@type":"WebSite","@id":"https:\/\/www.fiveguys.es\/ca\/#website","url":"https:\/\/www.fiveguys.es\/ca\/","name":"Five Guys","description":"Fresh Burgers, Fries, Shakes &amp; More!","publisher":{"@id":"https:\/\/www.fiveguys.es\/ca\/#organization"},"potentialAction":[{"@type":"SearchAction","target":{"@type":"EntryPoint","urlTemplate":"https:\/\/www.fiveguys.es\/ca\/?s={search_term_string}"},"query-input":{"@type":"PropertyValueSpecification","valueRequired":true,"valueName":"search_term_string"}}],"inLanguage":"ca-ES"},{"@type":"Organization","@id":"https:\/\/www.fiveguys.es\/ca\/#organization","name":"Five Guys Enterprises, LLC","alternateName":"Five Guys","url":"https:\/\/www.fiveguys.es\/ca\/","logo":{"@type":"ImageObject","inLanguage":"ca-ES","@id":"https:\/\/www.fiveguys.es\/ca\/#\/schema\/logo\/image\/","url":"https:\/\/media.fiveguys.com\/us\/2024\/10\/favicon.png","contentUrl":"https:\/\/media.fiveguys.com\/us\/2024\/10\/favicon.png","width":512,"height":512,"caption":"Five Guys Enterprises, LLC"},"image":{"@id":"https:\/\/www.fiveguys.es\/ca\/#\/schema\/logo\/image\/"},"sameAs":["https:\/\/www.facebook.com\/fiveguys\/","https:\/\/x.com\/FiveGuys","https:\/\/open.spotify.com\/user\/xhjybu9z8yg6jucgxua7dhmqo","https:\/\/www.instagram.com\/fiveguys\/","https:\/\/www.linkedin.com\/company\/five-guys-enterprises","https:\/\/www.youtube.com\/channel\/UCnPsCURqHlcoRt-Vr7nEaEg"]}]}},"_links":{"self":[{"href":"https:\/\/www.fiveguys.es\/ca\/wp-json\/wp\/v2\/pages\/4112","targetHints":{"allow":["GET"]}}],"collection":[{"href":"https:\/\/www.fiveguys.es\/ca\/wp-json\/wp\/v2\/pages"}],"about":[{"href":"https:\/\/www.fiveguys.es\/ca\/wp-json\/wp\/v2\/types\/page"}],"author":[{"embeddable":true,"href":"https:\/\/www.fiveguys.es\/ca\/wp-json\/wp\/v2\/users\/6"}],"replies":[{"embeddable":true,"href":"https:\/\/www.fiveguys.es\/ca\/wp-json\/wp\/v2\/comments?post=4112"}],"version-history":[{"count":3,"href":"https:\/\/www.fiveguys.es\/ca\/wp-json\/wp\/v2\/pages\/4112\/revisions"}],"predecessor-version":[{"id":4296,"href":"https:\/\/www.fiveguys.es\/ca\/wp-json\/wp\/v2\/pages\/4112\/revisions\/4296"}],"wp:attachment":[{"href":"https:\/\/www.fiveguys.es\/ca\/wp-json\/wp\/v2\/media?parent=4112"}],"curies":[{"name":"wp","href":"https:\/\/api.w.org\/{rel}","templated":true}]}}